{"id":10937,"date":"2025-11-05T21:09:43","date_gmt":"2025-11-05T20:09:43","guid":{"rendered":"https:\/\/www.tabernaklet.se\/?page_id=10937"},"modified":"2026-02-09T18:41:27","modified_gmt":"2026-02-09T17:41:27","slug":"micael-nilssonm","status":"publish","type":"page","link":"https:\/\/www.tabernaklet.se\/?page_id=10937","title":{"rendered":"Micael Nilsson"},"content":{"rendered":"\t\t<div data-elementor-type=\"wp-page\" data-elementor-id=\"10937\" class=\"elementor elementor-10937\">\n\t\t\t\t<div class=\"elementor-element elementor-element-678c2833 e-con-full e-flex e-con e-parent\" data-id=\"678c2833\" data-element_type=\"container\" data-e-type=\"container\">\n\t\t\t\t<div class=\"elementor-element elementor-element-6526cc2c elementor-widget__width-initial elementor-widget-mobile__width-inherit elementor-widget elementor-widget-text-editor\" data-id=\"6526cc2c\" data-element_type=\"widget\" data-e-type=\"widget\" data-widget_type=\"text-editor.default\">\n\t\t\t\t<div class=\"elementor-widget-container\">\n\t\t\t\t\t\t\t\t\t\n<h5>Micael Nilssons predikningar <strong>och undervisning samlade efter<\/strong> Teman:<\/h5>\n\n<p>\u00a0<\/p>\n\t\t\t\t\t\t\t\t<\/div>\n\t\t\t\t<\/div>\n\t\t\t\t<\/div>\n\t\t<div class=\"elementor-element elementor-element-3d9ad5d e-con-full e-flex e-con e-parent\" data-id=\"3d9ad5d\" data-element_type=\"container\" data-e-type=\"container\">\n\t\t\t\t<div class=\"elementor-element elementor-element-ab7f526 elementor-widget__width-inherit elementor-widget elementor-widget-text-editor\" data-id=\"ab7f526\" data-element_type=\"widget\" data-e-type=\"widget\" data-widget_type=\"text-editor.default\">\n\t\t\t\t<div class=\"elementor-widget-container\">\n\t\t\t\t\t\t\t\t\t<ul>\n<li>\n<h5><a href=\"https:\/\/www.tabernaklet.se\/?page_id=11923\">Gamla ord &#8211; Eviga budskap<\/a><\/h5>\n<\/li>\n<li>\n<h5><a href=\"https:\/\/youtu.be\/BLOZcVKp8MI\">R\u00f6tter &#8211; Musikgudstj\u00e4nst<\/a><\/h5>\n<\/li>\n<li>\n<h5><a href=\"https:\/\/www.tabernaklet.se\/?page_id=11385\">Ord som f\u00f6r\u00e4ndrar<\/a><\/h5>\n<\/li>\n<li>\n<h5><a href=\"https:\/\/www.tabernaklet.se\/?page_id=11402\">Jesus och hans makal\u00f6sa fr\u00e4lsning<\/a><\/h5>\n<\/li>\n<li>\n<h5><a href=\"https:\/\/www.tabernaklet.se\/?page_id=11415\">N\u00e4r orden inte r\u00e4cker till<\/a><\/h5>\n<\/li>\n<li>\n<h5><a href=\"https:\/\/www.tabernaklet.se\/?page_id=11414\">Gud \u00e4r n\u00e4rmare \u00e4n du tror<\/a><\/h5>\n<\/li>\n<li>\n<h5><a href=\"https:\/\/www.tabernaklet.se\/?page_id=11413\">Brev fr\u00e5n Jesus till kyrkan<\/a><\/h5>\n<\/li>\n<li>\n<h5><a href=\"https:\/\/www.tabernaklet.se\/?page_id=11412\">Hur allt b\u00f6rjade enligt Lukas<\/a><\/h5>\n<\/li>\n<li>\n<h5><a href=\"https:\/\/www.tabernaklet.se\/?page_id=11411\">Det \u00e4r fint att f\u00e5 vara Guds<\/a><\/h5>\n<\/li>\n<li>\n<h5><a href=\"https:\/\/www.tabernaklet.se\/?page_id=11410\">Vi tror<\/a><\/h5>\n<\/li>\n<li>\n<h5><a href=\"https:\/\/www.tabernaklet.se\/?page_id=11602\">N\u00e5gonting att hoppas p\u00e5<\/a><\/h5>\n<\/li>\n<li>\n<h5><a href=\"https:\/\/www.tabernaklet.se\/?page_id=12364\">Efesierbrevet<\/a><\/h5>\n<\/li>\n<li>\n<h5><a href=\"https:\/\/www.tabernaklet.se\/?page_id=12379\">V\u00e4gen, Sanningen och Livet<\/a><\/h5>\n<\/li>\n<\/ul>\t\t\t\t\t\t\t\t<\/div>\n\t\t\t\t<\/div>\n\t\t\t\t<\/div>\n\t\t<div class=\"elementor-element elementor-element-0b5ef2d e-con-full e-flex e-con e-parent\" data-id=\"0b5ef2d\" data-element_type=\"container\" data-e-type=\"container\">\n\t\t\t\t<div class=\"elementor-element elementor-element-e264785 elementor-widget elementor-widget-text-editor\" data-id=\"e264785\" data-element_type=\"widget\" data-e-type=\"widget\" data-widget_type=\"text-editor.default\">\n\t\t\t\t<div class=\"elementor-widget-container\">\n\t\t\t\t\t\t\t\t\t<p><a href=\"https:\/\/www.tabernaklet.se\/\">Tillbaka till <\/a><a href=\"https:\/\/www.tabernaklet.se\/\">hemsidan<\/a><a href=\"https:\/\/zoom.us\/j\/97551406873\">.<\/a><\/p>\t\t\t\t\t\t\t\t<\/div>\n\t\t\t\t<\/div>\n\t\t\t\t<\/div>\n\t\t<div class=\"elementor-element elementor-element-e80f524 e-flex e-con-boxed e-con e-parent\" data-id=\"e80f524\" data-element_type=\"container\" data-e-type=\"container\">\n\t\t\t\t\t<div class=\"e-con-inner\">\n\t\t\t\t\t<\/div>\n\t\t\t\t<\/div>\n\t\t\t\t<\/div>\n\t\t","protected":false},"excerpt":{"rendered":"<p>Micael Nilssons predikningar och undervisning samlade efter Teman: \u00a0 Gamla ord &#8211; Eviga budskap R\u00f6tter &#8211; Musikgudstj\u00e4nst Ord som f\u00f6r\u00e4ndrar Jesus och hans makal\u00f6sa fr\u00e4lsning N\u00e4r orden inte r\u00e4cker till Gud \u00e4r n\u00e4rmare \u00e4n du tror Brev fr\u00e5n Jesus till kyrkan Hur allt b\u00f6rjade enligt Lukas Det \u00e4r fint att f\u00e5 vara Guds Vi tror &hellip; <a href=\"https:\/\/www.tabernaklet.se\/?page_id=10937\" class=\"more-link\">Forts\u00e4tt l\u00e4sa<span class=\"screen-reader-text\"> \u201dMicael Nilsson\u201d<\/span><\/a><\/p>\n","protected":false},"author":4,"featured_media":0,"parent":0,"menu_order":0,"comment_status":"closed","ping_status":"closed","template":"","meta":{"footnotes":""},"class_list":["post-10937","page","type-page","status-publish","hentry"],"_links":{"self":[{"href":"https:\/\/www.tabernaklet.se\/index.php?rest_route=\/wp\/v2\/pages\/10937","targetHints":{"allow":["GET"]}}],"collection":[{"href":"https:\/\/www.tabernaklet.se\/index.php?rest_route=\/wp\/v2\/pages"}],"about":[{"href":"https:\/\/www.tabernaklet.se\/index.php?rest_route=\/wp\/v2\/types\/page"}],"author":[{"embeddable":true,"href":"https:\/\/www.tabernaklet.se\/index.php?rest_route=\/wp\/v2\/users\/4"}],"replies":[{"embeddable":true,"href":"https:\/\/www.tabernaklet.se\/index.php?rest_route=%2Fwp%2Fv2%2Fcomments&post=10937"}],"version-history":[{"count":182,"href":"https:\/\/www.tabernaklet.se\/index.php?rest_route=\/wp\/v2\/pages\/10937\/revisions"}],"predecessor-version":[{"id":12387,"href":"https:\/\/www.tabernaklet.se\/index.php?rest_route=\/wp\/v2\/pages\/10937\/revisions\/12387"}],"wp:attachment":[{"href":"https:\/\/www.tabernaklet.se\/index.php?rest_route=%2Fwp%2Fv2%2Fmedia&parent=10937"}],"curies":[{"name":"wp","href":"https:\/\/api.w.org\/{rel}","templated":true}]}}