{"id":1148,"date":"2020-02-05T11:48:01","date_gmt":"2020-02-05T10:48:01","guid":{"rendered":"https:\/\/www.tabernaklet.se\/?page_id=1148"},"modified":"2024-01-01T17:00:48","modified_gmt":"2024-01-01T16:00:48","slug":"husgrupper","status":"publish","type":"page","link":"https:\/\/www.tabernaklet.se\/?page_id=1148","title":{"rendered":"Husgrupper"},"content":{"rendered":"\n<figure class=\"wp-block-image size-large\"><img fetchpriority=\"high\" decoding=\"async\" width=\"1024\" height=\"512\" src=\"https:\/\/www.tabernaklet.se\/wp-content\/uploads\/2020\/02\/Husgrupper-1024x512.jpg\" alt=\"\" class=\"wp-image-1149\" srcset=\"https:\/\/www.tabernaklet.se\/wp-content\/uploads\/2020\/02\/Husgrupper-1024x512.jpg 1024w, https:\/\/www.tabernaklet.se\/wp-content\/uploads\/2020\/02\/Husgrupper-300x150.jpg 300w, https:\/\/www.tabernaklet.se\/wp-content\/uploads\/2020\/02\/Husgrupper-768x384.jpg 768w, https:\/\/www.tabernaklet.se\/wp-content\/uploads\/2020\/02\/Husgrupper-1536x768.jpg 1536w, https:\/\/www.tabernaklet.se\/wp-content\/uploads\/2020\/02\/Husgrupper-2048x1024.jpg 2048w, https:\/\/www.tabernaklet.se\/wp-content\/uploads\/2020\/02\/Husgrupper-1200x600.jpg 1200w\" sizes=\"(max-width: 709px) 85vw, (max-width: 909px) 67vw, (max-width: 1362px) 62vw, 840px\" \/><\/figure>\n\n\n\n<p><em>\u201dVarje dag var de troget och enigt tillsammans i templet, och i hemmen br\u00f6t de br\u00f6d och delade m\u00e5ltid med varandra i jublande, innerlig gl\u00e4dje.\u201d<\/em> (Apg 2:46)<\/p>\n\n\n\n<p>S\u00e5 beskrivs gemenskapen i den f\u00f6rsta kristna f\u00f6rsamlingen, med ord som trohet, enhet och \u201djublande, innerlig gl\u00e4dje\u201d. Kanske inte f\u00f6rv\u00e5nande d\u00e5 att vi efter detta l\u00e4ser att \u201dHerren \u00f6kade var dag skaran med dem som blev fr\u00e4lsta\u201d. Vem vill inte vara med i en s\u00e5dan gemenskap?<\/p>\n\n\n\n<p>H\u00e4r finns ocks\u00e5 en beskrivning av\u00a0var man m\u00f6ttes, n\u00e4mligen \u201di templet och i hemmen\u201d.\u00a0<\/p>\n\n\n\n<p>Bibeltexten beskriver dynamiken mellan den stora gruppen och den mindre. Man firade gudstj\u00e4nst i templet och br\u00f6t br\u00f6d i hemmen.<\/p>\n\n\n\n<p>Det \u00e4r gott att vara m\u00e5nga ibland. Det finns en styrka i det. Men den stora samlingen kan ocks\u00e5 rymma ensamhet. Det \u00e4r inte m\u00f6jligt att l\u00e4ra k\u00e4nna alla p\u00e5 en g\u00e5ng. Dessutom beh\u00f6ver vi \u00e4ven en plats f\u00f6r det n\u00e4ra samtalet, d\u00e4r vi kan dela v\u00e5ra liv med varandra p\u00e5 ett djupare och mer konkret s\u00e4tt. F\u00f6r m\u00e5nga har en husgrupp blivit just detta.&nbsp;<\/p>\n\n\n\n<p>Vi \u00f6nskar f\u00e5 se v\u00e5rt husgruppsarbete utvecklas s\u00e5 att vi ska kunna erbjuda alla som \u00f6nskar tillg\u00e5ng till en mindre grupp.  \u00c4r du intresserad av hur vi t\u00e4nker <a rel=\"noreferrer noopener\" aria-label=\"kan du l\u00e4sa mer h\u00e4r (\u00f6ppnas i en ny flik)\" href=\"https:\/\/www.tabernaklet.se\/?p=1152\" target=\"_blank\">kan du l\u00e4sa mer h\u00e4r<\/a>, eller fr\u00e5ga oss direkt.<\/p>\n","protected":false},"excerpt":{"rendered":"<p>\u201dVarje dag var de troget och enigt tillsammans i templet, och i hemmen br\u00f6t de br\u00f6d och delade m\u00e5ltid med varandra i jublande, innerlig gl\u00e4dje.\u201d (Apg 2:46) S\u00e5 beskrivs gemenskapen i den f\u00f6rsta kristna f\u00f6rsamlingen, med ord som trohet, enhet och \u201djublande, innerlig gl\u00e4dje\u201d. Kanske inte f\u00f6rv\u00e5nande d\u00e5 att vi efter detta l\u00e4ser att \u201dHerren &hellip; <a href=\"https:\/\/www.tabernaklet.se\/?page_id=1148\" class=\"more-link\">Forts\u00e4tt l\u00e4sa<span class=\"screen-reader-text\"> \u201dHusgrupper\u201d<\/span><\/a><\/p>\n","protected":false},"author":3,"featured_media":0,"parent":0,"menu_order":0,"comment_status":"closed","ping_status":"closed","template":"","meta":{"footnotes":""},"class_list":["post-1148","page","type-page","status-publish","hentry"],"_links":{"self":[{"href":"https:\/\/www.tabernaklet.se\/index.php?rest_route=\/wp\/v2\/pages\/1148","targetHints":{"allow":["GET"]}}],"collection":[{"href":"https:\/\/www.tabernaklet.se\/index.php?rest_route=\/wp\/v2\/pages"}],"about":[{"href":"https:\/\/www.tabernaklet.se\/index.php?rest_route=\/wp\/v2\/types\/page"}],"author":[{"embeddable":true,"href":"https:\/\/www.tabernaklet.se\/index.php?rest_route=\/wp\/v2\/users\/3"}],"replies":[{"embeddable":true,"href":"https:\/\/www.tabernaklet.se\/index.php?rest_route=%2Fwp%2Fv2%2Fcomments&post=1148"}],"version-history":[{"count":1,"href":"https:\/\/www.tabernaklet.se\/index.php?rest_route=\/wp\/v2\/pages\/1148\/revisions"}],"predecessor-version":[{"id":4150,"href":"https:\/\/www.tabernaklet.se\/index.php?rest_route=\/wp\/v2\/pages\/1148\/revisions\/4150"}],"wp:attachment":[{"href":"https:\/\/www.tabernaklet.se\/index.php?rest_route=%2Fwp%2Fv2%2Fmedia&parent=1148"}],"curies":[{"name":"wp","href":"https:\/\/api.w.org\/{rel}","templated":true}]}}