{"id":11723,"date":"2025-12-09T18:02:09","date_gmt":"2025-12-09T17:02:09","guid":{"rendered":"https:\/\/www.tabernaklet.se\/?page_id=11723"},"modified":"2026-01-14T19:12:13","modified_gmt":"2026-01-14T18:12:13","slug":"spegelbilder","status":"publish","type":"page","link":"https:\/\/www.tabernaklet.se\/?page_id=11723","title":{"rendered":"\u00d6ppen Bibelskola &#8211; Spegelbilder"},"content":{"rendered":"\t\t<div data-elementor-type=\"wp-page\" data-elementor-id=\"11723\" class=\"elementor elementor-11723\">\n\t\t\t\t<div class=\"elementor-element elementor-element-40d21c42 e-flex e-con-boxed e-con e-parent\" data-id=\"40d21c42\" data-element_type=\"container\" data-e-type=\"container\">\n\t\t\t\t\t<div class=\"e-con-inner\">\n\t\t\t\t<div class=\"elementor-element elementor-element-6f6cbab7 elementor-widget-tablet__width-initial elementor-widget__width-initial elementor-widget elementor-widget-text-editor\" data-id=\"6f6cbab7\" data-element_type=\"widget\" data-e-type=\"widget\" data-widget_type=\"text-editor.default\">\n\t\t\t\t<div class=\"elementor-widget-container\">\n\t\t\t\t\t\t\t\t\t<h1>\u00d6ppen Bibelskola &#8211; Spegelbilder<\/h1><p><em>\u201dOm n\u00e5gon \u00e4r i Kristus \u00e4r han allts\u00e5 en ny skapelse. <\/em><em>Det gamla \u00e4r f\u00f6rbi, n\u00e5got nytt har kommit.\u201d<\/em> (2 Kor 5:17)<\/p><p>Bibeln s\u00e4ger att den som tar emot fr\u00e4lsningen genomg\u00e5r en grundl\u00e4ggande f\u00f6rvandling. Men till vad? Hur ser undret ut? V\u00e4lkommen till v\u00e5rens \u00f6ppna bibelstudier. Varje kv\u00e4ll studerar vi n\u00e5gon av alla de nya sj\u00e4lvbilder Bibeln l\u00e5ter oss spegla oss i. Det blir sp\u00e4nnande.<\/p><p><strong>Dags att byta bild!<\/strong><\/p><p>Albert Ellis, en av pionj\u00e4rerna inom den kognitiva beteendeterapin, p\u00e5st\u00e5r att vi g\u00e5r omkring med 300-500 f\u00f6rvr\u00e4ngda uppfattningar om oss sj\u00e4lva. (Hur han nu har r\u00e4knat ut det!) Det v\u00e4cker till eftertanke. Det s\u00e4tt vi t\u00e4nker om oss sj\u00e4lva formar v\u00e5ra liv. Och inte vill vi v\u00e4l att v\u00e5ra liv ska formas av felaktiga tankar? Inte vill vi v\u00e4l leva med en sj\u00e4lvbild som i sj\u00e4lva verket \u00e4r en vr\u00e5ngbild?<\/p><p>Albert Ellis, en av pionj\u00e4rerna inom den kognitiva beteendeterapin, p\u00e5st\u00e5r att vi g\u00e5r omkring med 300-500 f\u00f6rvr\u00e4ngda uppfattningar om oss sj\u00e4lva. (Hur han nu har r\u00e4knat ut det!) Det v\u00e4cker till eftertanke. Det s\u00e4tt vi t\u00e4nker om oss sj\u00e4lva formar v\u00e5ra liv. Och inte vill vi v\u00e4l att v\u00e5ra liv ska formas av felaktiga tankar? Inte vill vi v\u00e4l leva med en sj\u00e4lvbild som i sj\u00e4lva verket \u00e4r en vr\u00e5ngbild?<\/p><p>Vad kan vi g\u00f6ra? Vi kan ta god hj\u00e4lp av Bibeln. Den s\u00e4ger att den som \u201d\u00e4r i Kristus\u201d \u00e4r en ny skapelse. Det kan n\u00e4stan inte s\u00e4gas starkare. Fr\u00e4lsningen \u00e4r en revolution. \u00c4nd\u00e5 kan vi leva v\u00e5ra liv utan att detta f\u00e5r en s\u00e5 stor p\u00e5verkan p\u00e5 oss som det borde. Tron blir v\u00e5r tr\u00f6st och v\u00e5rt hopp. Det \u00e4r v\u00e4l. Men den borde ocks\u00e5 leda till frihet och f\u00f6rvandling. D\u00e4rf\u00f6r skriver aposteln Paulus, Rom 12:2: \u201d\u2026 anpassa er inte efter den h\u00e4r v\u00e4rlden, utan l\u00e5t er f\u00f6rvandlas genom f\u00f6rnyelsen av ert sinne\u2026\u201d<\/p><p>Det sker ett under n\u00e4r n\u00e5gon kommer till tro. Efter det beh\u00f6ver vi f\u00f6rst\u00e5 detta b\u00e4ttre, leva i det och l\u00e5ta det f\u00f6rvandla v\u00e5rt sinne, d.v.s. allt vi k\u00e4nner, t\u00e4nker och \u00e4r.<\/p><p>M\u00e5nga lever med terroriserande vr\u00e5ngbilder. Dessa studiekv\u00e4llar presenterar ett antal motbilder, positiva, sunda och befriande bilder. B\u00e4ttre bilder att leva med.<\/p><p><strong>V\u00e4lkommen till v\u00e5ra tr\u00e4ffar<\/strong> i Tabernaklet, G\u00f6teborg:<\/p><p><strong>Onsdag den 28 januari kl.18.00<br \/><\/strong><strong>Att byta bild &#8211; <\/strong>En kv\u00e4ll om att bek\u00e4nna Kristus, och om hur Kristus bek\u00e4nner sig till oss.<\/p><p><strong>Onsdag den 25 februari kl.18.00<br \/><\/strong><strong>En ny skapelse &#8211; <\/strong>I kv\u00e4ll f\u00f6rs\u00f6ker vi f\u00f6rst\u00e5 n\u00e5got viktigt. Bibeln s\u00e4ger att den som bek\u00e4nt Jesus som sin Fr\u00e4lsare har f\u00e5tt en ny start i livet. Det gamla \u00e4r f\u00f6rg\u00e5nget. N\u00e5got nytt har kommit. Men vad betyder detta? Vad \u00e4r det som \u00e4r f\u00f6rg\u00e5nget? Vad \u00e4r det som har kommit?<\/p><p><strong>Onsdag den 11 mars kl.18.00<br \/><\/strong><strong>Ett Guds barn &#8211; <\/strong>Om att f\u00e5 vara ett Guds barn. Denna bild hj\u00e4lper oss att f\u00f6rst\u00e5 m\u00e5nga viktiga aspekter av det kristna livet. Den handlar om att vara \u00e4lskad, om att finna sin frid och sin tillh\u00f6righet, men ocks\u00e5 om att fostras.<\/p><p><strong>Onsdag den 25 mars kl.18.00<br \/><\/strong><strong>En l\u00e4rjunge &#8211; <\/strong>Att vara kristen \u00e4r att vara kallad. Kallad av Jesus. Kallad till Jesus. Kallad att f\u00f6lja. Men hur f\u00f6ljer man Jesus?<\/p><p><strong>Onsdag den 8 april kl.18.00<br \/><\/strong><strong>Ett tempel<\/strong> &#8211; Vet ni inte att ni \u00e4r ett tempel \u00e5t den helige Ande? fr\u00e5gar Paulus de kristna i Korinth. Det hade de tydligen gl\u00f6mt. Paulus m\u00e5ste p\u00e5minna dem: &#8211; Gud bor i er. En kv\u00e4ll om Gud i v\u00e5ra liv och vad det borde f\u00e5 betyda f\u00f6r oss.<\/p><p><strong>Onsdag den 22 april kl.18.00<br \/><\/strong><strong>Ett ler i Guds h\u00e4nder &#8211; <\/strong>Med utg\u00e5ngspunkt fr\u00e5n kapitel 18 i Jeremias bok f\u00f6rs\u00f6ker vi f\u00f6rst\u00e5 vad det \u00e4r att formas av Gud, att kanske misslyckas d\u00e5 och d\u00e5, men ocks\u00e5 om att f\u00e5 b\u00f6rja om. Om att vara i goda h\u00e4nder.<\/p><p><strong>Onsdag den 6 maj kl.18.00<br \/><\/strong><strong>Ett brev fr\u00e5n Kristus<\/strong> &#8211; En bibelvers liknar en kristen m\u00e4nniska med ett brev fr\u00e5n Kristus. F\u00f6r m\u00e5nga blir Bibeln en ol\u00e4st bok. Paulus, Petrus och Johannes brev f\u00f6rblir ol\u00e4sta. Kanske att v\u00e5ra liv blir det enda av Guds brev v\u00e5ra v\u00e4nner n\u00e5gonsin kommer att l\u00e4sa.<\/p><p><strong>Onsdag den 20 maj kl.18.00<br \/><\/strong><strong>En del i \u201dKristi kropp&#8221;<\/strong> &#8211;\u00a0Ingen \u00e4r kallad av Gud till att leva sitt liv isolerat och ensamt. Fr\u00e4lsningen i Kristus innefattar ocks\u00e5 gemenskap och delaktighet; en gemenskap att bli bekr\u00e4ftad i och utmanad av. Att f\u00e5 se sig som en del av den kristna f\u00f6rsamlingen \u00e4r verkligen att f\u00e5 se sitt liv i ett stort och fantastiskt sammanhang.<\/p><p><strong>Onsdag den 3 juni kl.18.00<br \/><\/strong><strong>En pilgrim p\u00e5 v\u00e4g mot evigheten<\/strong> &#8211;\u00a0V\u00e5r sista kv\u00e4ll blir en viktig p\u00e5minnelse. Det h\u00e4r \u00e4r inte allt. Forts\u00e4ttning f\u00f6ljer. Att leva med Jesus \u00e4r att leva med ett evighetsl\u00f6fte. Vi beh\u00f6ver p\u00e5minnelsen, som tr\u00f6st och som motivation, om att leva f\u00f6r n\u00e5got mer och f\u00f6r n\u00e5got st\u00f6rre \u00e4n bara n\u00e5gra korta \u00e5r h\u00e4r och nu.<\/p><div>\u00a0<\/div>\t\t\t\t\t\t\t\t<\/div>\n\t\t\t\t<\/div>\n\t\t\t\t<div class=\"elementor-element elementor-element-cc31e37 elementor-widget__width-inherit elementor-widget elementor-widget-image\" data-id=\"cc31e37\" data-element_type=\"widget\" data-e-type=\"widget\" data-widget_type=\"image.default\">\n\t\t\t\t<div class=\"elementor-widget-container\">\n\t\t\t\t\t\t\t\t\t\t\t\t\t\t\t<img fetchpriority=\"high\" decoding=\"async\" width=\"840\" height=\"840\" src=\"https:\/\/www.tabernaklet.se\/wp-content\/uploads\/2025\/12\/Spegelbilder-1.jpeg\" class=\"attachment-large size-large wp-image-11715\" alt=\"\" srcset=\"https:\/\/www.tabernaklet.se\/wp-content\/uploads\/2025\/12\/Spegelbilder-1.jpeg 1024w, https:\/\/www.tabernaklet.se\/wp-content\/uploads\/2025\/12\/Spegelbilder-1-300x300.jpeg 300w, https:\/\/www.tabernaklet.se\/wp-content\/uploads\/2025\/12\/Spegelbilder-1-150x150.jpeg 150w, https:\/\/www.tabernaklet.se\/wp-content\/uploads\/2025\/12\/Spegelbilder-1-768x768.jpeg 768w\" sizes=\"(max-width: 709px) 85vw, (max-width: 909px) 67vw, (max-width: 1362px) 62vw, 840px\" \/>\t\t\t\t\t\t\t\t\t\t\t\t\t\t\t<\/div>\n\t\t\t\t<\/div>\n\t\t\t\t<div class=\"elementor-element elementor-element-c169b12 elementor-widget elementor-widget-text-editor\" data-id=\"c169b12\" data-element_type=\"widget\" data-e-type=\"widget\" data-widget_type=\"text-editor.default\">\n\t\t\t\t<div class=\"elementor-widget-container\">\n\t\t\t\t\t\t\t\t\t<p>Tillbaka till <a href=\"https:\/\/www.tabernaklet.se\/\">hemsidan<\/a>.<\/p>\t\t\t\t\t\t\t\t<\/div>\n\t\t\t\t<\/div>\n\t\t\t\t\t<\/div>\n\t\t\t\t<\/div>\n\t\t\t\t<\/div>\n\t\t","protected":false},"excerpt":{"rendered":"<p>\u00d6ppen Bibelskola &#8211; Spegelbilder \u201dOm n\u00e5gon \u00e4r i Kristus \u00e4r han allts\u00e5 en ny skapelse. Det gamla \u00e4r f\u00f6rbi, n\u00e5got nytt har kommit.\u201d (2 Kor 5:17) Bibeln s\u00e4ger att den som tar emot fr\u00e4lsningen genomg\u00e5r en grundl\u00e4ggande f\u00f6rvandling. Men till vad? Hur ser undret ut? V\u00e4lkommen till v\u00e5rens \u00f6ppna bibelstudier. Varje kv\u00e4ll studerar vi n\u00e5gon &hellip; <a href=\"https:\/\/www.tabernaklet.se\/?page_id=11723\" class=\"more-link\">Forts\u00e4tt l\u00e4sa<span class=\"screen-reader-text\"> \u201d\u00d6ppen Bibelskola &#8211; Spegelbilder\u201d<\/span><\/a><\/p>\n","protected":false},"author":4,"featured_media":0,"parent":0,"menu_order":0,"comment_status":"closed","ping_status":"closed","template":"","meta":{"footnotes":""},"class_list":["post-11723","page","type-page","status-publish","hentry"],"_links":{"self":[{"href":"https:\/\/www.tabernaklet.se\/index.php?rest_route=\/wp\/v2\/pages\/11723","targetHints":{"allow":["GET"]}}],"collection":[{"href":"https:\/\/www.tabernaklet.se\/index.php?rest_route=\/wp\/v2\/pages"}],"about":[{"href":"https:\/\/www.tabernaklet.se\/index.php?rest_route=\/wp\/v2\/types\/page"}],"author":[{"embeddable":true,"href":"https:\/\/www.tabernaklet.se\/index.php?rest_route=\/wp\/v2\/users\/4"}],"replies":[{"embeddable":true,"href":"https:\/\/www.tabernaklet.se\/index.php?rest_route=%2Fwp%2Fv2%2Fcomments&post=11723"}],"version-history":[{"count":51,"href":"https:\/\/www.tabernaklet.se\/index.php?rest_route=\/wp\/v2\/pages\/11723\/revisions"}],"predecessor-version":[{"id":12038,"href":"https:\/\/www.tabernaklet.se\/index.php?rest_route=\/wp\/v2\/pages\/11723\/revisions\/12038"}],"wp:attachment":[{"href":"https:\/\/www.tabernaklet.se\/index.php?rest_route=%2Fwp%2Fv2%2Fmedia&parent=11723"}],"curies":[{"name":"wp","href":"https:\/\/api.w.org\/{rel}","templated":true}]}}