{"id":318,"date":"2019-07-01T21:24:56","date_gmt":"2019-07-01T19:24:56","guid":{"rendered":"http:\/\/nya.tabernaklet.se\/?page_id=318"},"modified":"2026-02-09T18:20:51","modified_gmt":"2026-02-09T17:20:51","slug":"gudstjansten-ar-en-viktig-tillgang","status":"publish","type":"page","link":"https:\/\/www.tabernaklet.se\/?page_id=318","title":{"rendered":"Gudstj\u00e4nsten \u00e4r en viktig tillg\u00e5ng"},"content":{"rendered":"\t\t<div data-elementor-type=\"wp-page\" data-elementor-id=\"318\" class=\"elementor elementor-318\">\n\t\t\t\t<div class=\"elementor-element elementor-element-1deeb792 e-flex e-con-boxed e-con e-parent\" data-id=\"1deeb792\" data-element_type=\"container\" data-e-type=\"container\">\n\t\t\t\t\t<div class=\"e-con-inner\">\n\t\t\t\t<div class=\"elementor-element elementor-element-7dcc5949 elementor-widget elementor-widget-text-editor\" data-id=\"7dcc5949\" data-element_type=\"widget\" data-e-type=\"widget\" data-widget_type=\"text-editor.default\">\n\t\t\t\t<div class=\"elementor-widget-container\">\n\t\t\t\t\t\t\t\t\t\n<p><em>&#8221;D\u00e4r tv\u00e5 eller tre \u00e4r samlade i mitt namn \u00e4r jag mitt ibland dem&#8221; (Jesus)\u00a0<br \/><\/em><\/p>\n\n<p>Varje s\u00f6ndag kl.11.00 firar vi gudstj\u00e4nst.<\/p>\n\n<p>Gudstj\u00e4nsten \u00e4r ocks\u00e5 ett undervisningstillf\u00e4lle. Vi vill att dessa samlingar ocks\u00e5 ska f\u00e5 vara ett m\u00f6te med Guds ord och det kristna budskapet.<\/p>\n\n<p>Dessutom blir gudstj\u00e4nsten ett m\u00f6te med andra m\u00e4nniskor, d\u00e4r vi ibland f\u00e5r hj\u00e4lpa varandra i b\u00f6n och kanske lite djupare samtal, eller &#8221;bara&#8221; ta en kopp kaffe och se till varandra en stund.<\/p>\n\n<p>V\u00e5ra gudstj\u00e4nster str\u00e4var efter en slags enkelhet, d\u00e4r psalms\u00e5ng och lovs\u00e5ng, tacksamhet, lyssnande och b\u00f6n blir riktningsgivande ord. F\u00f6rsta s\u00f6ndagen i m\u00e5naden firar vi dessutom oftast nattvard. Till nattvardsbordet \u00e4r var och en v\u00e4lkommen som vill ta emot br\u00f6det och vinet, och i br\u00f6det och vinetta emot Jesus.<\/p>\n\n<p>En annan av gudstj\u00e4nstens viktiga inslag \u00e4r f\u00f6rb\u00f6nen. Vi brukar be f\u00f6r v\u00e5r stad, f\u00f6r v\u00e5rt land och f\u00f6r v\u00e4rlden, men ocks\u00e5 f\u00f6r personliga b\u00f6ne\u00e4mnen. I avslutningen av v\u00e5ra gudstj\u00e4nster finns ocks\u00e5 m\u00f6jlighet att f\u00e5 personlig f\u00f6rb\u00f6n. F\u00f6r detta har vi s\u00e4rskilda f\u00f6rebedjare somg\u00e4rna m\u00f6ter dig i kyrkans b\u00f6nevr\u00e5, stilla och enkelt. F\u00f6r det \u00e4r gott att ibland bara f\u00e5 vila i andras f\u00f6rb\u00f6ner.<\/p>\n\n<p>Du \u00e4r v\u00e4lkommen till v\u00e5ra gudstj\u00e4nster. De \u00e4r \u00f6ppna f\u00f6r alla som vill komma. Vi hoppas att de ska f\u00e5 betyda n\u00e5gonting viktigt ocks\u00e5 f\u00f6r dig.\u00a0<\/p>\n\n<p><a href=\"https:\/\/zoom.us\/j\/97551406873\">Tillbaka till <\/a><a href=\"https:\/\/www.tabernaklet.se\/\">hemsidan<\/a><a href=\"https:\/\/zoom.us\/j\/97551406873\">.<\/a><\/p>\n\n<p>\u00a0<\/p>\n\n<p>\u00a0<\/p>\n\t\t\t\t\t\t\t\t<\/div>\n\t\t\t\t<\/div>\n\t\t\t\t\t<\/div>\n\t\t\t\t<\/div>\n\t\t\t\t<\/div>\n\t\t","protected":false},"excerpt":{"rendered":"<p>&#8221;D\u00e4r tv\u00e5 eller tre \u00e4r samlade i mitt namn \u00e4r jag mitt ibland dem&#8221; (Jesus)\u00a0 Varje s\u00f6ndag kl.11.00 firar vi gudstj\u00e4nst. Gudstj\u00e4nsten \u00e4r ocks\u00e5 ett undervisningstillf\u00e4lle. Vi vill att dessa samlingar ocks\u00e5 ska f\u00e5 vara ett m\u00f6te med Guds ord och det kristna budskapet. Dessutom blir gudstj\u00e4nsten ett m\u00f6te med andra m\u00e4nniskor, d\u00e4r vi ibland &hellip; <a href=\"https:\/\/www.tabernaklet.se\/?page_id=318\" class=\"more-link\">Forts\u00e4tt l\u00e4sa<span class=\"screen-reader-text\"> \u201dGudstj\u00e4nsten \u00e4r en viktig tillg\u00e5ng\u201d<\/span><\/a><\/p>\n","protected":false},"author":10,"featured_media":319,"parent":0,"menu_order":0,"comment_status":"closed","ping_status":"closed","template":"","meta":{"footnotes":""},"class_list":["post-318","page","type-page","status-publish","has-post-thumbnail","hentry"],"_links":{"self":[{"href":"https:\/\/www.tabernaklet.se\/index.php?rest_route=\/wp\/v2\/pages\/318","targetHints":{"allow":["GET"]}}],"collection":[{"href":"https:\/\/www.tabernaklet.se\/index.php?rest_route=\/wp\/v2\/pages"}],"about":[{"href":"https:\/\/www.tabernaklet.se\/index.php?rest_route=\/wp\/v2\/types\/page"}],"author":[{"embeddable":true,"href":"https:\/\/www.tabernaklet.se\/index.php?rest_route=\/wp\/v2\/users\/10"}],"replies":[{"embeddable":true,"href":"https:\/\/www.tabernaklet.se\/index.php?rest_route=%2Fwp%2Fv2%2Fcomments&post=318"}],"version-history":[{"count":4,"href":"https:\/\/www.tabernaklet.se\/index.php?rest_route=\/wp\/v2\/pages\/318\/revisions"}],"predecessor-version":[{"id":10407,"href":"https:\/\/www.tabernaklet.se\/index.php?rest_route=\/wp\/v2\/pages\/318\/revisions\/10407"}],"wp:featuredmedia":[{"embeddable":true,"href":"https:\/\/www.tabernaklet.se\/index.php?rest_route=\/wp\/v2\/media\/319"}],"wp:attachment":[{"href":"https:\/\/www.tabernaklet.se\/index.php?rest_route=%2Fwp%2Fv2%2Fmedia&parent=318"}],"curies":[{"name":"wp","href":"https:\/\/api.w.org\/{rel}","templated":true}]}}