{"id":52,"date":"2019-06-26T13:00:22","date_gmt":"2019-06-26T13:00:22","guid":{"rendered":"http:\/\/nya.tabernaklet.se\/?page_id=52"},"modified":"2024-01-16T13:04:29","modified_gmt":"2024-01-16T12:04:29","slug":"lyssna","status":"publish","type":"page","link":"https:\/\/www.tabernaklet.se\/?page_id=52","title":{"rendered":"Lyssna"},"content":{"rendered":"\n<h3 class=\"wp-block-heading\">S\u00f6ndag Hela Veckan<\/h3>\n\n\n\n<p>H\u00e4r har du m\u00f6jlighet att lyssna till gamla predikningar och f\u00f6redrag i efterhand. <strong>\u00a0<a rel=\"noreferrer noopener\" href=\"http:\/\/www.sondaghelaveckan.se\/?o=23034\" target=\"_blank\">Klicka h\u00e4r s\u00e5 kommer du till v\u00e5r undervisningssida p\u00e5 S\u00f6ndag Hela Veckan<\/a><\/strong><\/p>\n\n\n\n<p>Idag l\u00e4gger vi ist\u00e4llet ut v\u00e5ra f\u00f6redrag som videofiler. <a href=\"https:\/\/www.tabernaklet.se\/?page_id=1274\">Dessa finner du h\u00e4r.<\/a><\/p>\n\n\n\n<p><\/p>\n\n\n<div class=\"shvBox\"><\/div>\n","protected":false},"excerpt":{"rendered":"<p>S\u00f6ndag Hela Veckan H\u00e4r har du m\u00f6jlighet att lyssna till gamla predikningar och f\u00f6redrag i efterhand. \u00a0Klicka h\u00e4r s\u00e5 kommer du till v\u00e5r undervisningssida p\u00e5 S\u00f6ndag Hela Veckan Idag l\u00e4gger vi ist\u00e4llet ut v\u00e5ra f\u00f6redrag som videofiler. Dessa finner du h\u00e4r.<\/p>\n","protected":false},"author":3,"featured_media":170,"parent":0,"menu_order":0,"comment_status":"closed","ping_status":"closed","template":"","meta":{"footnotes":""},"class_list":["post-52","page","type-page","status-publish","has-post-thumbnail","hentry"],"_links":{"self":[{"href":"https:\/\/www.tabernaklet.se\/index.php?rest_route=\/wp\/v2\/pages\/52","targetHints":{"allow":["GET"]}}],"collection":[{"href":"https:\/\/www.tabernaklet.se\/index.php?rest_route=\/wp\/v2\/pages"}],"about":[{"href":"https:\/\/www.tabernaklet.se\/index.php?rest_route=\/wp\/v2\/types\/page"}],"author":[{"embeddable":true,"href":"https:\/\/www.tabernaklet.se\/index.php?rest_route=\/wp\/v2\/users\/3"}],"replies":[{"embeddable":true,"href":"https:\/\/www.tabernaklet.se\/index.php?rest_route=%2Fwp%2Fv2%2Fcomments&post=52"}],"version-history":[{"count":3,"href":"https:\/\/www.tabernaklet.se\/index.php?rest_route=\/wp\/v2\/pages\/52\/revisions"}],"predecessor-version":[{"id":4198,"href":"https:\/\/www.tabernaklet.se\/index.php?rest_route=\/wp\/v2\/pages\/52\/revisions\/4198"}],"wp:featuredmedia":[{"embeddable":true,"href":"https:\/\/www.tabernaklet.se\/index.php?rest_route=\/wp\/v2\/media\/170"}],"wp:attachment":[{"href":"https:\/\/www.tabernaklet.se\/index.php?rest_route=%2Fwp%2Fv2%2Fmedia&parent=52"}],"curies":[{"name":"wp","href":"https:\/\/api.w.org\/{rel}","templated":true}]}}