{"id":53,"date":"2019-06-26T13:00:22","date_gmt":"2019-06-26T13:00:22","guid":{"rendered":"http:\/\/nya.tabernaklet.se\/?page_id=53"},"modified":"2023-06-08T10:15:16","modified_gmt":"2023-06-08T08:15:16","slug":"trappa-ner","status":"publish","type":"page","link":"https:\/\/www.tabernaklet.se\/?page_id=53","title":{"rendered":"Caf\u00e9 Trappan\u00e9r"},"content":{"rendered":"\n<h2 class=\"wp-block-heading\">Vad \u00e4r Caf\u00e9 Trappan\u00e9r?<\/h2>\n\n\n\n<p>F\u00f6r drygt 20 \u00e5r sedan fick G\u00f6teborgs Baptistf\u00f6rsamling en f\u00f6rfr\u00e5gan fr\u00e5n G\u00f6teborgs stad om att g\u00f6ra en insats f\u00f6r personer som lever i heml\u00f6shet och social utsatthet. I samband med detta startades Caf\u00e9 Trappaner. Flera kv\u00e4llar per vecka har vi under dessa \u00e5r bjudit in till ett \u201d\u00f6ppet vardagsrum\u201d d\u00e4r den som \u00f6nskat f\u00e5tt ett m\u00e5l mat, en matkasse, kl\u00e4der, skor, hygienartiklar mm. Framf\u00f6r allt har v\u00e5rt m\u00e5l varit att m\u00f6ta m\u00e4nniskor i \u00f6gonh\u00f6jd, sprida hopp och v\u00e4gledning mot en god livskvalitet.<\/p>\n\n\n\n<p>Vi vill medverka till att m\u00e4nniskor hittar ett&nbsp;<strong>sammanhang.<\/strong>&nbsp;Sedan tidigare har vi m\u00e4rkt att caf\u00e9t blivit en m\u00f6tesplats d\u00e4r det finns utrymme f\u00f6r det goda samtalet, m\u00f6jlighet att bara f\u00e5 sitta tyst eller bli ompysslad en stund. V\u00e5r dr\u00f6m \u00e4r att st\u00e4rka k\u00e4nslan av sammanhang och tillh\u00f6righet och vi har d\u00e4rf\u00f6r under v\u00e5ren 2021 ut\u00f6kat verksamheten och har \u00f6ppet dagtid en g\u00e5ng per vecka. Vi har m\u00e4rkt att det g\u00e5r l\u00e4ttare att f\u00f6ra samtal tidigt p\u00e5 dagen och m\u00e5nga uttrycker en vilja till f\u00f6r\u00e4ndring f\u00f6r att n\u00e5 en b\u00e4ttre livskvalitet.<\/p>\n\n\n\n<p>Vi str\u00e4var efter att samverka med olika akt\u00f6rer inom kommunen och andra ideella organisationer f\u00f6r att kunna ge ett s\u00e5 bra&nbsp;<strong>individuellt st\u00f6d<\/strong>&nbsp;som m\u00f6jligt.<\/p>\n\n\n\n<p>Vi tror att m\u00e5nga beh\u00f6ver hitta&nbsp;<strong>meningsfulla anpassade aktiviteter<\/strong>&nbsp;f\u00f6r att m\u00e5 bra d\u00e4rf\u00f6r vill vi utveckla arbetet med samtalsgrupper. Erfarenheten vi fick under pandemin d\u00e5 vi m\u00f6tte personer i mindre grupper har visat att det g\u00f6r gott att samtala i grupp om livet. Utifr\u00e5n ett pedagogiskt perspektiv arbetar vi med gestaltande uttryck d\u00e4r vi bearbetar social, psykisk, fysisk och existentiell h\u00e4lsa. Vi m\u00f6ter ocks\u00e5 fr\u00e5gor som r\u00f6r boende och f\u00f6rs\u00f6rjning. \u00c4ven om vi har v\u00e5r \u201dverktygsl\u00e5da\u201d \u00e4r utg\u00e5ngspunkten att m\u00f6ta gruppen i f\u00f6rsta hand och utifr\u00e5n behov anpassa varje lektion.&nbsp; Vi planerar \u00e4ven att starta skapande aktiviteter i mindre grupper, det kan till exempel handla om handarbete, m\u00e5lning eller bakning. V\u00e5rt m\u00e5l \u00e4r att ta tillvara g\u00e4sternas intressen och f\u00f6rm\u00e5gor s\u00e5 l\u00e5ngt det \u00e4r m\u00f6jligt.<\/p>\n\n\n\n<h2 class=\"wp-block-heading\">Vill du veta mer?<\/h2>\n\n\n\n<p>F\u00f6r mer information om Caf\u00e9 Trappan\u00e9r: &nbsp;<a href=\"https:\/\/cafetrappaner.se\/\">Caf\u00e9 Trappan\u00e9r<\/a><\/p>\n","protected":false},"excerpt":{"rendered":"<p>Vad \u00e4r Caf\u00e9 Trappan\u00e9r? F\u00f6r drygt 20 \u00e5r sedan fick G\u00f6teborgs Baptistf\u00f6rsamling en f\u00f6rfr\u00e5gan fr\u00e5n G\u00f6teborgs stad om att g\u00f6ra en insats f\u00f6r personer som lever i heml\u00f6shet och social utsatthet. I samband med detta startades Caf\u00e9 Trappaner. Flera kv\u00e4llar per vecka har vi under dessa \u00e5r bjudit in till ett \u201d\u00f6ppet vardagsrum\u201d d\u00e4r den &hellip; <a href=\"https:\/\/www.tabernaklet.se\/?page_id=53\" class=\"more-link\">Forts\u00e4tt l\u00e4sa<span class=\"screen-reader-text\"> \u201dCaf\u00e9 Trappan\u00e9r\u201d<\/span><\/a><\/p>\n","protected":false},"author":9,"featured_media":3415,"parent":0,"menu_order":0,"comment_status":"closed","ping_status":"closed","template":"","meta":{"footnotes":""},"class_list":["post-53","page","type-page","status-publish","has-post-thumbnail","hentry"],"_links":{"self":[{"href":"https:\/\/www.tabernaklet.se\/index.php?rest_route=\/wp\/v2\/pages\/53","targetHints":{"allow":["GET"]}}],"collection":[{"href":"https:\/\/www.tabernaklet.se\/index.php?rest_route=\/wp\/v2\/pages"}],"about":[{"href":"https:\/\/www.tabernaklet.se\/index.php?rest_route=\/wp\/v2\/types\/page"}],"author":[{"embeddable":true,"href":"https:\/\/www.tabernaklet.se\/index.php?rest_route=\/wp\/v2\/users\/9"}],"replies":[{"embeddable":true,"href":"https:\/\/www.tabernaklet.se\/index.php?rest_route=%2Fwp%2Fv2%2Fcomments&post=53"}],"version-history":[{"count":6,"href":"https:\/\/www.tabernaklet.se\/index.php?rest_route=\/wp\/v2\/pages\/53\/revisions"}],"predecessor-version":[{"id":3569,"href":"https:\/\/www.tabernaklet.se\/index.php?rest_route=\/wp\/v2\/pages\/53\/revisions\/3569"}],"wp:featuredmedia":[{"embeddable":true,"href":"https:\/\/www.tabernaklet.se\/index.php?rest_route=\/wp\/v2\/media\/3415"}],"wp:attachment":[{"href":"https:\/\/www.tabernaklet.se\/index.php?rest_route=%2Fwp%2Fv2%2Fmedia&parent=53"}],"curies":[{"name":"wp","href":"https:\/\/api.w.org\/{rel}","templated":true}]}}