{"id":54,"date":"2019-06-26T13:00:22","date_gmt":"2019-06-26T13:00:22","guid":{"rendered":"http:\/\/nya.tabernaklet.se\/?page_id=54"},"modified":"2025-11-06T12:00:40","modified_gmt":"2025-11-06T11:00:40","slug":"kontakt","status":"publish","type":"page","link":"https:\/\/www.tabernaklet.se\/?page_id=54","title":{"rendered":"Kontakt"},"content":{"rendered":"\t\t<div data-elementor-type=\"wp-page\" data-elementor-id=\"54\" class=\"elementor elementor-54\">\n\t\t\t\t<div class=\"elementor-element elementor-element-6ae3dd74 e-flex e-con-boxed e-con e-parent\" data-id=\"6ae3dd74\" data-element_type=\"container\" data-e-type=\"container\">\n\t\t\t\t\t<div class=\"e-con-inner\">\n\t\t\t\t<div class=\"elementor-element elementor-element-c1602d9 elementor-widget elementor-widget-text-editor\" data-id=\"c1602d9\" data-element_type=\"widget\" data-e-type=\"widget\" data-widget_type=\"text-editor.default\">\n\t\t\t\t<div class=\"elementor-widget-container\">\n\t\t\t\t\t\t\t\t\t\n<p class=\"has-text-align-left\"><strong>V\u00e4lkommen till oss!<\/strong><\/p>\n\n<p>Tabernaklet ligger i h\u00f6rnet mellan Storgatan och G\u00f6tabergsgatan. <br \/>Bes\u00f6ksadress kyrka: Storgatan 39, Exp: G\u00f6tabergsgatan 4.<\/p>\n\n<h2 class=\"wp-block-heading\">Anst\u00e4llda<\/h2>\n\n<p><strong>Micael Nilsson,\u00a0<\/strong><em>pastor och f\u00f6rest\u00e5ndare<\/em><br \/>Telefon: 070-2010167<br \/>E-post: <a href=\"mailto:micael@tabernaklet.se\" target=\"_blank\" rel=\"noreferrer noopener\">micael@tabernaklet.se<\/a><\/p>\n\n<p><strong>Helena Gat\u00e5s<\/strong>, <em>musikledare<\/em><br \/>Telefon: 0733-521432<br \/>E-post: <a href=\"mailto:helena@tabernaklet.se\" target=\"_blank\" rel=\"noreferrer noopener\">helena@tabernaklet.se<\/a><\/p>\n\n<h2 class=\"wp-block-heading\">Caf\u00e9 Trappan\u00e9r:<\/h2>\n\n<p><strong><strong>Lovisa Halldin<\/strong>,<\/strong>\u00a0<em>f\u00f6rest\u00e5ndare<\/em><br \/>Telefon:\u00a0076-237 93 91<br \/>E-post: <a href=\"mailto:lovisa@tabernaklet.se\">lovisa@tabernaklet.se<\/a><\/p>\n\n<h2 class=\"wp-block-heading\">Telefon<\/h2>\n\n<p><strong>Kyrkans expedition:<\/strong> 031-13 22 20.\u00a0<br \/>Du n\u00e5r oss p\u00e5 telefon tisdag-torsdag mellan kl. 10.00 och 12.00.<br \/>V\u00e4lkommen!<\/p>\n\n<p><strong>Caf\u00e9 Trappaner:<\/strong> 031-790 47 74<\/p>\n\n<p><strong>K\u00f6k och f\u00f6rsamlingsv\u00e5ning:<\/strong> 031-790 47 79<\/p>\n\n<h2 class=\"wp-block-heading\">Adress<\/h2>\n\n<p><strong>G\u00f6teborgs Baptistf\u00f6rsamling<\/strong><br \/>G\u00f6tabergsgatan 4<br \/>411 34 G\u00f6teborg<br \/>E-post:\u00a0<a href=\"mailto:exp@tabernaklet.se\" target=\"_blank\" rel=\"noreferrer noopener\">exp@tabernaklet.se<\/a><\/p>\n\n<p><strong>Caf\u00e9 Trappan\u00e9r<\/strong><br \/>Bes\u00f6ksadress: Storgatan 39<br \/>Postadress: G\u00f6tabergsgatan 4<br \/>411 34 G\u00f6teborg<\/p>\n<h2>Uthyrning av v\u00e5ra lokaler<\/h2>\n<p>F\u00f6r fr\u00e5gor omkring hyra av v\u00e5ra lokaler h\u00e4nvisar vi till <strong>kyrkans expedition<\/strong>, kontorstider tis-tors 10.00-12.00, eller till mail <a href=\"mailto:exp@tabernaklet.se\"><strong>exp@tabernaklet.se<\/strong><\/a>.<\/p>\n\n<h2 class=\"wp-block-heading\">\u00d6vrigt<\/h2>\n\n<p><strong>G\u00f6teborgs Baptistf\u00f6rsamling<\/strong><br \/>Bankgiro: 342 &#8211; 25 81<br \/>Bankkonto: SEB 5001 104 3547<br \/>Swish: 123 666 2373<br \/>Kontakt med styrelsen:\u00a0<a href=\"mailto:styrelsen@tabernaklet.se\">styrelsen@tabernaklet.se<\/a><\/p>\n\n<p><strong>Caf\u00e9 Trappan\u00e9r<\/strong><br \/>Bankgiro 342 &#8211; 25 81<br \/>Swish: 123 560 7965<\/p>\n\n<p>\u00a0<\/p>\n\n<p><iframe style=\"border: 0;\" src=\"https:\/\/kartor.eniro.se\/m\/hfXiI?embed=true&amp;center=57.700730609083124,11.969947814941406&amp;zoom=15&amp;layer=map\" width=\"600\" height=\"450\" frameborder=\"0\"><\/iframe><\/p>\n\t\t\t\t\t\t\t\t<\/div>\n\t\t\t\t<\/div>\n\t\t\t\t\t<\/div>\n\t\t\t\t<\/div>\n\t\t\t\t<\/div>\n\t\t","protected":false},"excerpt":{"rendered":"<p>V\u00e4lkommen till oss! Tabernaklet ligger i h\u00f6rnet mellan Storgatan och G\u00f6tabergsgatan. Bes\u00f6ksadress kyrka: Storgatan 39, Exp: G\u00f6tabergsgatan 4. Anst\u00e4llda Micael Nilsson,\u00a0pastor och f\u00f6rest\u00e5ndareTelefon: 070-2010167E-post: micael@tabernaklet.se Helena Gat\u00e5s, musikledareTelefon: 0733-521432E-post: helena@tabernaklet.se Caf\u00e9 Trappan\u00e9r: Lovisa Halldin,\u00a0f\u00f6rest\u00e5ndareTelefon:\u00a0076-237 93 91E-post: lovisa@tabernaklet.se Telefon Kyrkans expedition: 031-13 22 20.\u00a0Du n\u00e5r oss p\u00e5 telefon tisdag-torsdag mellan kl. 10.00 och 12.00.V\u00e4lkommen! Caf\u00e9 Trappaner: &hellip; <a href=\"https:\/\/www.tabernaklet.se\/?page_id=54\" class=\"more-link\">Forts\u00e4tt l\u00e4sa<span class=\"screen-reader-text\"> \u201dKontakt\u201d<\/span><\/a><\/p>\n","protected":false},"author":3,"featured_media":0,"parent":0,"menu_order":0,"comment_status":"closed","ping_status":"closed","template":"","meta":{"footnotes":""},"class_list":["post-54","page","type-page","status-publish","hentry"],"_links":{"self":[{"href":"https:\/\/www.tabernaklet.se\/index.php?rest_route=\/wp\/v2\/pages\/54","targetHints":{"allow":["GET"]}}],"collection":[{"href":"https:\/\/www.tabernaklet.se\/index.php?rest_route=\/wp\/v2\/pages"}],"about":[{"href":"https:\/\/www.tabernaklet.se\/index.php?rest_route=\/wp\/v2\/types\/page"}],"author":[{"embeddable":true,"href":"https:\/\/www.tabernaklet.se\/index.php?rest_route=\/wp\/v2\/users\/3"}],"replies":[{"embeddable":true,"href":"https:\/\/www.tabernaklet.se\/index.php?rest_route=%2Fwp%2Fv2%2Fcomments&post=54"}],"version-history":[{"count":79,"href":"https:\/\/www.tabernaklet.se\/index.php?rest_route=\/wp\/v2\/pages\/54\/revisions"}],"predecessor-version":[{"id":11010,"href":"https:\/\/www.tabernaklet.se\/index.php?rest_route=\/wp\/v2\/pages\/54\/revisions\/11010"}],"wp:attachment":[{"href":"https:\/\/www.tabernaklet.se\/index.php?rest_route=%2Fwp%2Fv2%2Fmedia&parent=54"}],"curies":[{"name":"wp","href":"https:\/\/api.w.org\/{rel}","templated":true}]}}