{"id":68,"date":"2019-06-26T13:12:48","date_gmt":"2019-06-26T13:12:48","guid":{"rendered":"http:\/\/nya.tabernaklet.se\/?page_id=68"},"modified":"2025-10-09T22:41:09","modified_gmt":"2025-10-09T20:41:09","slug":"tabernaklets-historia","status":"publish","type":"page","link":"https:\/\/www.tabernaklet.se\/?page_id=68","title":{"rendered":"Tabernaklets historia"},"content":{"rendered":"\t\t<div data-elementor-type=\"wp-page\" data-elementor-id=\"68\" class=\"elementor elementor-68\">\n\t\t\t\t<div class=\"elementor-element elementor-element-3fa754d1 e-flex e-con-boxed e-con e-parent\" data-id=\"3fa754d1\" data-element_type=\"container\" data-e-type=\"container\">\n\t\t\t\t\t<div class=\"e-con-inner\">\n\t\t\t\t<div class=\"elementor-element elementor-element-5cac7713 elementor-widget elementor-widget-text-editor\" data-id=\"5cac7713\" data-element_type=\"widget\" data-e-type=\"widget\" data-widget_type=\"text-editor.default\">\n\t\t\t\t<div class=\"elementor-widget-container\">\n\t\t\t\t\t\t\t\t\t\n<h2 class=\"wp-block-heading\">F\u00f6rsamlingens bildande<\/h2>\n\n<p>G\u00f6teborgs f\u00f6rsta baptistf\u00f6rsamling bildades 5 augusti 1861 av sex personer som var samlade i en l\u00e4genhet i huset Landsv\u00e4gsgatan 7. Ett par av dem hade d\u00f6pts vid den f\u00f6rsta dopf\u00f6rr\u00e4ttningen i Vallersvik, Frilles\u00e5s den 21 september 1848. P\u00e5 grund av f\u00f6rf\u00f6ljelser hade man under de f\u00f6rsta \u00e5ren samlats i all hemlighet i varandras hem. Mestadels h\u00f6ll man till i en liten stuga vid Landalaledet (h\u00f6rnet Aschebergsgatan\/ Engelbrektsgatan) inte l\u00e5ngt fr\u00e5n nuvarande Tabernaklet. F\u00f6rsamlingsbildningen blev m\u00f6jlig sedan en kunglig f\u00f6rordning 1860 godk\u00e4nt baptisterna som trossamfund och beviljats fri religionsut\u00f6vning. Till pastor och f\u00f6rest\u00e5ndare uts\u00e5gs Fredrik Olaus Nilsson, som tidigare varit landsf\u00f6rvisad p\u00e5 grund av sin baptistiska tro, men som nu \u00e5terv\u00e4nt fr\u00e5n USA.\u00a0<\/p>\n\n<h2 class=\"wp-block-heading\">Behov av gudstj\u00e4nstlokal<\/h2>\n\n<p>Den lilla baptistf\u00f6rsamlingen v\u00e4xte och beh\u00f6vde en gudstj\u00e4nstlokal. Vid denna tidpunkt hade sj\u00f6kapten G W Schr\u00f6der anslutit sig till f\u00f6rsamlingen. Han lyckades f\u00f6rv\u00e4rva en tomt vid S\u00f6dra All\u00e9gatan, d\u00e4r han l\u00e4t uppf\u00f6ra ett tv\u00e5v\u00e5ningshus med bostad f\u00f6r sig och sin familj p\u00e5 andra v\u00e5ningen och en gudstj\u00e4nstlokal som rymde ca 200 personer p\u00e5 bottenplanet. Efter hand blev \u00e4ven denna sal f\u00f6r liten varf\u00f6r man fr\u00e5n 1875 fick hyra en m\u00f6teslokal i Arbetarf\u00f6reningens hus vid J\u00e4rntorget, d\u00e4r man \u00e4ven fick installera en dopgrav. Salen hade 1600 sittplatser och \u00e5rshyran var 1800 kronor.\u00a0<\/p>\n\n<h2 class=\"wp-block-heading\">Pastor Teodor Truv\u00e9<\/h2>\n\n<p>Under denna tid kom Teodor Truv\u00e9, baptist och pastor, tillbaka till Sverige efter studier i USA. Han blev en f\u00f6rgrundsfigur f\u00f6r baptismen i v\u00e4stra Sverige. Han eftertr\u00e4dde 1868 F O Nilsson som f\u00f6rest\u00e5ndare och pastor f\u00f6r G\u00f6teborgs F\u00f6rsta Baptistf\u00f6rsamling. Truv\u00e9, som var hedersdoktor vid sin gamla l\u00e4roanstalt i New York, var en mycket driftig person och uppskattad predikant.\u00a0<br \/><br \/>Efter fem \u00e5r i Arbetarkommunens hus stod det klart f\u00f6r Truv\u00e9 att f\u00f6rsamlingens lokalfr\u00e5ga m\u00e5ste f\u00e5 en radikal l\u00f6sning. Schr\u00f6derska salen var f\u00f6r liten och nuvarande lokalhyra var f\u00f6r h\u00f6g. 1881 beslutade f\u00f6rsamlingen att starta en insamling f\u00f6r att bygga en ny predikolokal. F\u00f6rsamlingen hade d\u00e5 197 medlemmar.\u00a0<\/p>\n\n<h2 class=\"wp-block-heading\">Tabernaklet byggs<\/h2>\n\n<p>Genom ett gener\u00f6st offrande och flera insamlingsresor till USA och London kunde f\u00f6rsamlingen inviga sin st\u00e5tliga predikolokal Tabernaklet den 5 oktober 1884. En f\u00f6rsamlingsmedlem och k\u00e4nd arkitekt i staden, J A Westerberg, hade lyckats f\u00f6rv\u00e4rva tomten vid Storgatan och sk\u00e4nkt densamma till f\u00f6rsamlingen. Han, som Tabernaklets byggm\u00e4stare, st\u00e4llde sina yrkeskunskaper till f\u00f6rfogande, liksom m\u00e5nga andra f\u00f6rsamlingsmedlemmar. N\u00e4r huset stod f\u00e4rdigt uppgick den totala kostnaden till 101 393:85 och &#8221;kapellskulden&#8221; uppgick till 40 000 kr.\u00a0<br \/><br \/>Pastor Truv\u00e9 predikade ofta f\u00f6r en fullsatt kyrka ett par g\u00e5nger varje s\u00f6ndag och \u00e4ven vid veckom\u00f6ten. F\u00f6rsamlingen v\u00e4xte och snart bildades m\u00e5nga utposter runt om i trakten, dit man gjorde predikoresor. S\u00e5 sm\u00e5ningom bildade flera av dessa egna f\u00f6rsamlingar. G\u00f6teborgs Andra Baptistf\u00f6rsamling \u2013 Linn\u00e9akyrkan 1896, G\u00f6teborgs Tredje, Elim i G\u00e5rda 1897 och Betel i Majorna 1903. Pastor Truv\u00e9 f\u00f6rblev f\u00f6rsamlingens f\u00f6rest\u00e5ndare i 42 \u00e5r.\u00a0<br \/><br \/><\/p>\n\n<p>De olika f\u00f6rsamlingarna utvecklades s\u00e5 var f\u00f6r sig i sina stadsdelar. M\u00e5nga st\u00f6rre manifestationer och kampanjer hade man under \u00e5rens lopp gemensamt. Under framf\u00f6rallt 1960-talet \u00e4ndrades g\u00f6teborgarnas boendef\u00f6rh\u00e5llanden v\u00e4sentligt. Nya stora stadsdelar v\u00e4xte upp, vilket st\u00e4llde krav p\u00e5 g\u00f6teborgsbaptisterna om evangelisationsuppdraget skulle kunna fullf\u00f6ljas. Man menade att en f\u00f6rsamling i centrum skulle vara tillr\u00e4ckligt och s\u00e5 verka i ytteromr\u00e5dena. Det medf\u00f6ljde att det stod i &#8221;Kontakt&#8221; 1970: &#8221;Andliga str\u00f6mf\u00e5ror f\u00f6renas. G\u00f6teborgs 1:a, 2:a och 3:e Baptistf\u00f6rsamlingar beslutar att g\u00e5 samman och bildar G\u00f6teborgs Baptistf\u00f6rsamling. S\u00f6ndagen den 22 februari 1970 bildades f\u00f6rsamlingen och Tabernaklet blev den gemensamma kyrkan.<\/p>\n\t\t\t\t\t\t\t\t<\/div>\n\t\t\t\t<\/div>\n\t\t\t\t<div class=\"elementor-element elementor-element-f2dab59 elementor-widget__width-initial elementor-widget-mobile__width-initial elementor-widget elementor-widget-heading\" data-id=\"f2dab59\" data-element_type=\"widget\" data-e-type=\"widget\" data-widget_type=\"heading.default\">\n\t\t\t\t<div class=\"elementor-widget-container\">\n\t\t\t\t\t<h2 class=\"elementor-heading-title elementor-size-default\">Tabernaklet 140 a\u030ar <\/h2>\t\t\t\t<\/div>\n\t\t\t\t<\/div>\n\t\t\t\t<div class=\"elementor-element elementor-element-b4214bb elementor-widget__width-initial elementor-widget elementor-widget-text-editor\" data-id=\"b4214bb\" data-element_type=\"widget\" data-e-type=\"widget\" data-widget_type=\"text-editor.default\">\n\t\t\t\t<div class=\"elementor-widget-container\">\n\t\t\t\t\t\t\t\t\t<p>Tabernaklet i G\u00f6teborg firade att det var 140 a\u030ar sedan kyrkan invigdes.<br \/>I samband med firandet gjordes en historisk \u00e5terblick p\u00e5 kyrkbygget av arkitekt Carl-Johan Lindfors.<\/p>\t\t\t\t\t\t\t\t<\/div>\n\t\t\t\t<\/div>\n\t\t\t\t<div class=\"elementor-element elementor-element-d09dca4 elementor-widget__width-initial elementor-widget elementor-widget-video\" data-id=\"d09dca4\" data-element_type=\"widget\" data-e-type=\"widget\" data-settings=\"{&quot;youtube_url&quot;:&quot;https:\\\/\\\/youtu.be\\\/DhXjZZNWXrU&quot;,&quot;video_type&quot;:&quot;youtube&quot;,&quot;controls&quot;:&quot;yes&quot;}\" data-widget_type=\"video.default\">\n\t\t\t\t<div class=\"elementor-widget-container\">\n\t\t\t\t\t\t\t<div class=\"elementor-wrapper elementor-open-inline\">\n\t\t\t<div class=\"elementor-video\"><\/div>\t\t<\/div>\n\t\t\t\t\t\t<\/div>\n\t\t\t\t<\/div>\n\t\t\t\t<div class=\"elementor-element elementor-element-a340479 elementor-widget__width-initial elementor-widget elementor-widget-text-editor\" data-id=\"a340479\" data-element_type=\"widget\" data-e-type=\"widget\" data-widget_type=\"text-editor.default\">\n\t\t\t\t<div class=\"elementor-widget-container\">\n\t\t\t\t\t\t\t\t\t<p>Tillbaka till <a href=\"https:\/\/www.tabernaklet.se\/\">hemsidan<\/a>.<\/p>\t\t\t\t\t\t\t\t<\/div>\n\t\t\t\t<\/div>\n\t\t\t\t\t<\/div>\n\t\t\t\t<\/div>\n\t\t\t\t<\/div>\n\t\t","protected":false},"excerpt":{"rendered":"<p>F\u00f6rsamlingens bildande G\u00f6teborgs f\u00f6rsta baptistf\u00f6rsamling bildades 5 augusti 1861 av sex personer som var samlade i en l\u00e4genhet i huset Landsv\u00e4gsgatan 7. Ett par av dem hade d\u00f6pts vid den f\u00f6rsta dopf\u00f6rr\u00e4ttningen i Vallersvik, Frilles\u00e5s den 21 september 1848. P\u00e5 grund av f\u00f6rf\u00f6ljelser hade man under de f\u00f6rsta \u00e5ren samlats i all hemlighet i varandras &hellip; <a href=\"https:\/\/www.tabernaklet.se\/?page_id=68\" class=\"more-link\">Forts\u00e4tt l\u00e4sa<span class=\"screen-reader-text\"> \u201dTabernaklets historia\u201d<\/span><\/a><\/p>\n","protected":false},"author":3,"featured_media":0,"parent":2,"menu_order":1,"comment_status":"closed","ping_status":"closed","template":"","meta":{"footnotes":""},"class_list":["post-68","page","type-page","status-publish","hentry"],"_links":{"self":[{"href":"https:\/\/www.tabernaklet.se\/index.php?rest_route=\/wp\/v2\/pages\/68","targetHints":{"allow":["GET"]}}],"collection":[{"href":"https:\/\/www.tabernaklet.se\/index.php?rest_route=\/wp\/v2\/pages"}],"about":[{"href":"https:\/\/www.tabernaklet.se\/index.php?rest_route=\/wp\/v2\/types\/page"}],"author":[{"embeddable":true,"href":"https:\/\/www.tabernaklet.se\/index.php?rest_route=\/wp\/v2\/users\/3"}],"replies":[{"embeddable":true,"href":"https:\/\/www.tabernaklet.se\/index.php?rest_route=%2Fwp%2Fv2%2Fcomments&post=68"}],"version-history":[{"count":7,"href":"https:\/\/www.tabernaklet.se\/index.php?rest_route=\/wp\/v2\/pages\/68\/revisions"}],"predecessor-version":[{"id":10098,"href":"https:\/\/www.tabernaklet.se\/index.php?rest_route=\/wp\/v2\/pages\/68\/revisions\/10098"}],"up":[{"embeddable":true,"href":"https:\/\/www.tabernaklet.se\/index.php?rest_route=\/wp\/v2\/pages\/2"}],"wp:attachment":[{"href":"https:\/\/www.tabernaklet.se\/index.php?rest_route=%2Fwp%2Fv2%2Fmedia&parent=68"}],"curies":[{"name":"wp","href":"https:\/\/api.w.org\/{rel}","templated":true}]}}