{"id":72,"date":"2019-06-26T14:09:10","date_gmt":"2019-06-26T14:09:10","guid":{"rendered":"http:\/\/nya.tabernaklet.se\/?page_id=72"},"modified":"2024-02-02T19:17:19","modified_gmt":"2024-02-02T18:17:19","slug":"vad-vi-tror","status":"publish","type":"page","link":"https:\/\/www.tabernaklet.se\/?page_id=72","title":{"rendered":"Vad vi tror"},"content":{"rendered":"\n<h2 class=\"wp-block-heading\">Jesus Kristus i centrum<br><\/h2>\n\n\n\n<p>G\u00f6teborgs Baptistf\u00f6rsamling&nbsp;\u00e4r en baptistf\u00f6rsamling som \u00e4r en del av den protestantiska kristendomen. V\u00e4gledande i den baptistiska traditionen har varit en tydlig orientering kring Jesus Kristus som centrum, samt betoning p\u00e5 varje enskild individs m\u00f6jlighet att s\u00f6ka Gud och f\u00f6rst\u00e5 Guds vilja (detta kallas ibland f\u00f6r &#8221;det allm\u00e4nna pr\u00e4sterskapet&#8221;, en tanke som var viktig i den demokratibildning som sprang ur folkr\u00f6relserna i mitten\/slutet av 1800-talet). Vidare har det traditionellt funnits en vilja bland baptister att l\u00e4ran avspeglas i livet, att det vi tror m\u00e4rks i hur vi handlar&nbsp; \u2013 men h\u00e4r skapas ocks\u00e5 utrymme f\u00f6r allas v\u00e5ra fel och brister.&nbsp;<\/p>\n\n\n\n<p>Vi finns i en bred kristen tradition som uttrycks i de fornkyrkliga trosbek\u00e4nnelserna.<br><\/p>\n\n\n\n<h2 class=\"wp-block-heading\">Den apostoliska trosbek\u00e4nnelsen<br><\/h2>\n\n\n\n<p>Vi tror p\u00e5 Gud Fader Allsm\u00e4ktig, himmelens och jordens skapare.<br>Vi tror ock p\u00e5 Jesus Kristus,<br>hans enf\u00f6dde Son, v\u00e5r Herre,<br>vilken \u00e4r avlad av den heliga Ande,<br>f\u00f6dd av jungfrun Maria,<br>pinad under Pontius Pilatus,<br>korsf\u00e4st, d\u00f6d och begraven,<br>nederstigen till d\u00f6dsriket,<br>p\u00e5 tredje dagen uppst\u00e5nden igen ifr\u00e5n de d\u00f6da,<br>uppstigen till himmelen,<br>sittande p\u00e5 allsm\u00e4ktig Gud Faders h\u00f6gra sida,<br>d\u00e4rifr\u00e5n igenkommande till att d\u00f6ma levande och d\u00f6da.<br>Vi tror ock p\u00e5 den helige Ande,<br>en helig allm\u00e4nnelig kyrka,<br>de heligas samfund, syndernas f\u00f6rl\u00e5telse,<br>de d\u00f6das uppst\u00e5ndelse och ett evigt liv.<\/p>\n\n\n\n<h2 class=\"wp-block-heading\">Den niceanska trosbek\u00e4nnelsen<br><\/h2>\n\n\n\n<p><em>J<\/em>ag tror p\u00e5 en enda Gud, allsm\u00e4ktig Fader, skapare av himmel och jord, av allt vad synligt och osynligt \u00e4r;<br><br>och p\u00e5 en enda Herre, Jesus Kristus, Guds enf\u00f6dde Son, f\u00f6dd av Fadern f\u00f6re all tid, Gud av Gud, ljus av ljus, sann Gud av sann Gud, f\u00f6dd och icke skapad, av samma v\u00e4sen som Fadern, p\u00e5 honom genom vilken allting \u00e4r skapat; som f\u00f6r oss m\u00e4nniskor och f\u00f6r v\u00e5r salighets skull har stigit ned fr\u00e5n himmelen och tagit mandom genom den Helige Ande av jungfrun Maria och blivit m\u00e4nniska; som ock har blivit f\u00f6r oss korsf\u00e4st under Pontius Pilatus, lidit och blivit begraven; som p\u00e5 tredje dagen har uppst\u00e5tt, efter skrifterna, och stigit upp till himmelen och sitter p\u00e5 Faderns h\u00f6gra sida; d\u00e4rifr\u00e5n igenkommande i h\u00e4rlighet till att d\u00f6ma levande och d\u00f6da, p\u00e5 vilkens rike icke skall varda n\u00e5gon \u00e4nde;<br><br>och p\u00e5 den helige Ande, Herren och livgivaren, som utg\u00e5r av Fadern och Sonen, p\u00e5 honom som tillika med Fadern och Sonen tillbedes och \u00e4ras och som har talat genom profeterna; och p\u00e5 en enda, helig, allm\u00e4nnelig och apostolisk kyrka. Jag bek\u00e4nner ett enda dop, till syndernas f\u00f6rl\u00e5telse, och f\u00f6rv\u00e4ntar de d\u00f6das uppst\u00e5ndelse och den tillkommande v\u00e4rldens liv. Amen.<\/p>\n\n\n\n<p>Tillbaka till <a href=\"https:\/\/www.tabernaklet.se\/\">hemsidan<\/a>.<em><br><\/em><\/p>\n","protected":false},"excerpt":{"rendered":"<p>Jesus Kristus i centrum G\u00f6teborgs Baptistf\u00f6rsamling&nbsp;\u00e4r en baptistf\u00f6rsamling som \u00e4r en del av den protestantiska kristendomen. V\u00e4gledande i den baptistiska traditionen har varit en tydlig orientering kring Jesus Kristus som centrum, samt betoning p\u00e5 varje enskild individs m\u00f6jlighet att s\u00f6ka Gud och f\u00f6rst\u00e5 Guds vilja (detta kallas ibland f\u00f6r &#8221;det allm\u00e4nna pr\u00e4sterskapet&#8221;, en tanke som &hellip; <a href=\"https:\/\/www.tabernaklet.se\/?page_id=72\" class=\"more-link\">Forts\u00e4tt l\u00e4sa<span class=\"screen-reader-text\"> \u201dVad vi tror\u201d<\/span><\/a><\/p>\n","protected":false},"author":3,"featured_media":0,"parent":2,"menu_order":2,"comment_status":"closed","ping_status":"closed","template":"","meta":{"footnotes":""},"class_list":["post-72","page","type-page","status-publish","hentry"],"_links":{"self":[{"href":"https:\/\/www.tabernaklet.se\/index.php?rest_route=\/wp\/v2\/pages\/72","targetHints":{"allow":["GET"]}}],"collection":[{"href":"https:\/\/www.tabernaklet.se\/index.php?rest_route=\/wp\/v2\/pages"}],"about":[{"href":"https:\/\/www.tabernaklet.se\/index.php?rest_route=\/wp\/v2\/types\/page"}],"author":[{"embeddable":true,"href":"https:\/\/www.tabernaklet.se\/index.php?rest_route=\/wp\/v2\/users\/3"}],"replies":[{"embeddable":true,"href":"https:\/\/www.tabernaklet.se\/index.php?rest_route=%2Fwp%2Fv2%2Fcomments&post=72"}],"version-history":[{"count":4,"href":"https:\/\/www.tabernaklet.se\/index.php?rest_route=\/wp\/v2\/pages\/72\/revisions"}],"predecessor-version":[{"id":4344,"href":"https:\/\/www.tabernaklet.se\/index.php?rest_route=\/wp\/v2\/pages\/72\/revisions\/4344"}],"up":[{"embeddable":true,"href":"https:\/\/www.tabernaklet.se\/index.php?rest_route=\/wp\/v2\/pages\/2"}],"wp:attachment":[{"href":"https:\/\/www.tabernaklet.se\/index.php?rest_route=%2Fwp%2Fv2%2Fmedia&parent=72"}],"curies":[{"name":"wp","href":"https:\/\/api.w.org\/{rel}","templated":true}]}}