{"id":76,"date":"2019-06-26T14:14:36","date_gmt":"2019-06-26T14:14:36","guid":{"rendered":"http:\/\/nya.tabernaklet.se\/?page_id=76"},"modified":"2026-02-09T18:21:20","modified_gmt":"2026-02-09T17:21:20","slug":"en-inkluderande-gemenskap","status":"publish","type":"page","link":"https:\/\/www.tabernaklet.se\/?page_id=76","title":{"rendered":"En inkluderande gemenskap"},"content":{"rendered":"\n<h2 class=\"wp-block-heading\">V\u00e5r dr\u00f6m: en inkluderande gemenskap<br><\/h2>\n\n\n\n<p>I Tabernaklet finns en m\u00e5ngfald av aktiviteter som vi hoppas ska \u00e5terspegla den m\u00e5ngfald som finns i f\u00f6rsamlingen. V\u00e5r \u00f6nskan \u00e4r att det ska finnas n\u00e5got f\u00f6r alla och att allt vi g\u00f6r ska ge en glimt av v\u00e5r vision,&nbsp;<em>att Gud blir k\u00e4nd, \u00e4lskad och \u00e4rad, i och genom f\u00f6rsamlingen<\/em>.&nbsp;<\/p>\n\n\n\n<p>V\u00e4lkommen att ta del av de olika aktiviteter som p\u00e5g\u00e5r i f\u00f6rsamlingslivet, oavsett var du befinner dig i livet. Om du har fr\u00e5gor om n\u00e5gon specifik aktivitet kan du alltid ta kontakt med v\u00e5r expedition, 031-13 22 20, exp@tabernaklet.se, eller om det finns kontaktuppgifter till n\u00e5gon ansvarig f\u00f6r det du \u00e4r intresserad av.&nbsp;<\/p>\n\n\n\n<p> Du har ocks\u00e5 m\u00f6jlighet att f\u00e5 v\u00e5rt veckobrev som inneh\u00e5ller en enkel betraktelse samt information om vad som h\u00e4nder i v\u00e5r kyrka. Vill du ha v\u00e5rt veckobrev skickar du ett mail om det till exp@tabernaklet.se, s\u00e5 ordnar vi det.<\/p>\n\n\n\n<p>Idag samverkar vi med tv\u00e5 nationella samfund; <a href=\"http:\/\/efk.se\">Evangeliska frikyrkan<\/a> och <a href=\"https:\/\/equmeniakyrkan.se\">Equmeniakyrkan<\/a>.<\/p>\n\n\n\n<p>Tillbaka till <a href=\"https:\/\/www.tabernaklet.se\/\">hemsidan<\/a>.<br><\/p>\n","protected":false},"excerpt":{"rendered":"<p>V\u00e5r dr\u00f6m: en inkluderande gemenskap I Tabernaklet finns en m\u00e5ngfald av aktiviteter som vi hoppas ska \u00e5terspegla den m\u00e5ngfald som finns i f\u00f6rsamlingen. V\u00e5r \u00f6nskan \u00e4r att det ska finnas n\u00e5got f\u00f6r alla och att allt vi g\u00f6r ska ge en glimt av v\u00e5r vision,&nbsp;att Gud blir k\u00e4nd, \u00e4lskad och \u00e4rad, i och genom f\u00f6rsamlingen.&nbsp; &hellip; <a href=\"https:\/\/www.tabernaklet.se\/?page_id=76\" class=\"more-link\">Forts\u00e4tt l\u00e4sa<span class=\"screen-reader-text\"> \u201dEn inkluderande gemenskap\u201d<\/span><\/a><\/p>\n","protected":false},"author":10,"featured_media":0,"parent":0,"menu_order":0,"comment_status":"closed","ping_status":"closed","template":"","meta":{"footnotes":""},"class_list":["post-76","page","type-page","status-publish","hentry"],"_links":{"self":[{"href":"https:\/\/www.tabernaklet.se\/index.php?rest_route=\/wp\/v2\/pages\/76","targetHints":{"allow":["GET"]}}],"collection":[{"href":"https:\/\/www.tabernaklet.se\/index.php?rest_route=\/wp\/v2\/pages"}],"about":[{"href":"https:\/\/www.tabernaklet.se\/index.php?rest_route=\/wp\/v2\/types\/page"}],"author":[{"embeddable":true,"href":"https:\/\/www.tabernaklet.se\/index.php?rest_route=\/wp\/v2\/users\/10"}],"replies":[{"embeddable":true,"href":"https:\/\/www.tabernaklet.se\/index.php?rest_route=%2Fwp%2Fv2%2Fcomments&post=76"}],"version-history":[{"count":4,"href":"https:\/\/www.tabernaklet.se\/index.php?rest_route=\/wp\/v2\/pages\/76\/revisions"}],"predecessor-version":[{"id":12377,"href":"https:\/\/www.tabernaklet.se\/index.php?rest_route=\/wp\/v2\/pages\/76\/revisions\/12377"}],"wp:attachment":[{"href":"https:\/\/www.tabernaklet.se\/index.php?rest_route=%2Fwp%2Fv2%2Fmedia&parent=76"}],"curies":[{"name":"wp","href":"https:\/\/api.w.org\/{rel}","templated":true}]}}