{"id":799,"date":"2019-10-09T15:45:26","date_gmt":"2019-10-09T13:45:26","guid":{"rendered":"https:\/\/www.tabernaklet.se\/?page_id=799"},"modified":"2025-10-10T13:22:43","modified_gmt":"2025-10-10T11:22:43","slug":"for-skarm","status":"publish","type":"page","link":"https:\/\/www.tabernaklet.se\/?page_id=799","title":{"rendered":"Veckobrev"},"content":{"rendered":"\t\t<div data-elementor-type=\"wp-page\" data-elementor-id=\"799\" class=\"elementor elementor-799\">\n\t\t\t\t<div class=\"elementor-element elementor-element-db62a8c e-flex e-con-boxed e-con e-parent\" data-id=\"db62a8c\" data-element_type=\"container\" data-e-type=\"container\">\n\t\t\t\t\t<div class=\"e-con-inner\">\n\t\t<div class=\"elementor-element elementor-element-f01cbcc e-grid e-con-full e-con e-child\" data-id=\"f01cbcc\" data-element_type=\"container\" data-e-type=\"container\">\n\t\t\t\t<div class=\"elementor-element elementor-element-709608e elementor-widget elementor-widget-image\" data-id=\"709608e\" data-element_type=\"widget\" data-e-type=\"widget\" data-widget_type=\"image.default\">\n\t\t\t\t<div class=\"elementor-widget-container\">\n\t\t\t\t\t\t\t\t\t\t\t\t\t\t\t<img fetchpriority=\"high\" decoding=\"async\" width=\"840\" height=\"615\" src=\"https:\/\/www.tabernaklet.se\/wp-content\/uploads\/2025\/10\/Veckobrev.jpg\" class=\"attachment-large size-large wp-image-10160\" alt=\"\" srcset=\"https:\/\/www.tabernaklet.se\/wp-content\/uploads\/2025\/10\/Veckobrev.jpg 1000w, https:\/\/www.tabernaklet.se\/wp-content\/uploads\/2025\/10\/Veckobrev-300x220.jpg 300w, https:\/\/www.tabernaklet.se\/wp-content\/uploads\/2025\/10\/Veckobrev-768x562.jpg 768w\" sizes=\"(max-width: 709px) 85vw, (max-width: 909px) 67vw, (max-width: 1362px) 62vw, 840px\" \/>\t\t\t\t\t\t\t\t\t\t\t\t\t\t\t<\/div>\n\t\t\t\t<\/div>\n\t\t\t\t<div class=\"elementor-element elementor-element-ad54af4 elementor-widget elementor-widget-text-editor\" data-id=\"ad54af4\" data-element_type=\"widget\" data-e-type=\"widget\" data-widget_type=\"text-editor.default\">\n\t\t\t\t<div class=\"elementor-widget-container\">\n\t\t\t\t\t\t\t\t\t<p>Vill du ha v\u00e5rt veckobrev p\u00e5 mail?<br \/>Ber\u00e4tta det s\u00e5 ordnar vi det.<br \/>Maila <a href=\"mailto:exp@tabernaklet.se\">exp@tabernaklet.se<\/a><\/p>\t\t\t\t\t\t\t\t<\/div>\n\t\t\t\t<\/div>\n\t\t\t\t<\/div>\n\t\t\t\t\t<\/div>\n\t\t\t\t<\/div>\n\t\t<div class=\"elementor-element elementor-element-f471a82 e-con-full e-flex e-con e-parent\" data-id=\"f471a82\" data-element_type=\"container\" data-e-type=\"container\">\n\t\t\t\t<div class=\"elementor-element elementor-element-c6e3344 elementor-widget__width-initial elementor-widget-mobile__width-initial elementor-widget elementor-widget-text-editor\" data-id=\"c6e3344\" data-element_type=\"widget\" data-e-type=\"widget\" data-widget_type=\"text-editor.default\">\n\t\t\t\t<div class=\"elementor-widget-container\">\n\t\t\t\t\t\t\t\t\t<p>Tillbaka till <a href=\"https:\/\/www.tabernaklet.se\/\">hemsidan<\/a>.<\/p>\t\t\t\t\t\t\t\t<\/div>\n\t\t\t\t<\/div>\n\t\t\t\t<\/div>\n\t\t\t\t<\/div>\n\t\t","protected":false},"excerpt":{"rendered":"<p>Vill du ha v\u00e5rt veckobrev p\u00e5 mail?Ber\u00e4tta det s\u00e5 ordnar vi det.Maila exp@tabernaklet.se Tillbaka till hemsidan.<\/p>\n","protected":false},"author":3,"featured_media":0,"parent":0,"menu_order":0,"comment_status":"closed","ping_status":"closed","template":"","meta":{"footnotes":""},"class_list":["post-799","page","type-page","status-publish","hentry"],"_links":{"self":[{"href":"https:\/\/www.tabernaklet.se\/index.php?rest_route=\/wp\/v2\/pages\/799","targetHints":{"allow":["GET"]}}],"collection":[{"href":"https:\/\/www.tabernaklet.se\/index.php?rest_route=\/wp\/v2\/pages"}],"about":[{"href":"https:\/\/www.tabernaklet.se\/index.php?rest_route=\/wp\/v2\/types\/page"}],"author":[{"embeddable":true,"href":"https:\/\/www.tabernaklet.se\/index.php?rest_route=\/wp\/v2\/users\/3"}],"replies":[{"embeddable":true,"href":"https:\/\/www.tabernaklet.se\/index.php?rest_route=%2Fwp%2Fv2%2Fcomments&post=799"}],"version-history":[{"count":27,"href":"https:\/\/www.tabernaklet.se\/index.php?rest_route=\/wp\/v2\/pages\/799\/revisions"}],"predecessor-version":[{"id":10208,"href":"https:\/\/www.tabernaklet.se\/index.php?rest_route=\/wp\/v2\/pages\/799\/revisions\/10208"}],"wp:attachment":[{"href":"https:\/\/www.tabernaklet.se\/index.php?rest_route=%2Fwp%2Fv2%2Fmedia&parent=799"}],"curies":[{"name":"wp","href":"https:\/\/api.w.org\/{rel}","templated":true}]}}