{"id":84,"date":"2019-06-26T14:27:54","date_gmt":"2019-06-26T14:27:54","guid":{"rendered":"http:\/\/nya.tabernaklet.se\/?page_id=84"},"modified":"2025-11-07T13:04:49","modified_gmt":"2025-11-07T12:04:49","slug":"mission","status":"publish","type":"page","link":"https:\/\/www.tabernaklet.se\/?page_id=84","title":{"rendered":"Mission"},"content":{"rendered":"\t\t<div data-elementor-type=\"wp-page\" data-elementor-id=\"84\" class=\"elementor elementor-84\">\n\t\t\t\t<div class=\"elementor-element elementor-element-6b0e2c00 e-flex e-con-boxed e-con e-parent\" data-id=\"6b0e2c00\" data-element_type=\"container\" data-e-type=\"container\">\n\t\t\t\t\t<div class=\"e-con-inner\">\n\t\t\t\t<div class=\"elementor-element elementor-element-38d06a7c elementor-widget elementor-widget-text-editor\" data-id=\"38d06a7c\" data-element_type=\"widget\" data-e-type=\"widget\" data-widget_type=\"text-editor.default\">\n\t\t\t\t<div class=\"elementor-widget-container\">\n\t\t\t\t\t\t\t\t\t\n<h1 class=\"wp-block-heading\">MISSION<\/h1>\n\n<p>I Nya testamentet beskrivs, i Apostlag\u00e4rningarna, den allra f\u00f6rsta kristna f\u00f6rsamlingen. I f\u00f6rsta kapitlets \u00e5ttonde vers utlovar Jesus den helige Ande som skulle ge dem kraft att vittna om honom, \u00e4nda ut till jordens yttersta gr\u00e4ns. I f\u00f6ljande kapitel fylldes alla av helig Ande och r\u00f6relsen tar fart. Det \u00e4r sp\u00e4nnande tider. M\u00e5nga m\u00e4nniskor omv\u00e4nds och formar tillsammans en gemenskap vars like aldrig tidigare sk\u00e5dats.<br \/><br \/>Carl-Erik Sahlberg identifierar i sin bok\u00a0<em>Missionens historia<\/em>\u00a0\u00e5tta framtr\u00e4dande karakt\u00e4rsdrag hos denna gemenskap. Dessa \u00e4r:<br \/>(1) ett kristocentriskt budskap, (2) varje kristen var ett vittne, (3)<br \/>en f\u00f6rsamling som var \u00f6ppen f\u00f6r alla, (4) gemenskap och omsorg, (5) en kristen livsstil pr\u00e4glad av renhet, (6) man var beredd att g\u00e5 i d\u00f6den f\u00f6r vittnesb\u00f6rdet, (7) b\u00f6nens tj\u00e4nst, och (8) den helige Andes kraft.<\/p>\n<p>Det \u00e4r i detta sammanhang vi arbetar med mission. F\u00f6r v\u00e5r del tar den sig olika strukturella uttryck, till exempel genom att st\u00f6dja internationell mission, men \u00e4ven omsorg f\u00f6r G\u00f6teborgs heml\u00f6sa genom Caf\u00e9 Trappan\u00e9r.<\/p>\n<p>Tabernaklets internationella r\u00e5d har f\u00f6rsamlingens uppdrag att st\u00f6dja och uppmuntra till och informera om mission fr\u00e4mst utanf\u00f6r Sverige.<\/p>\n<p>Tabernaklet har via Internationella r\u00e5det (IR) haft f\u00f6rm\u00e5nen att st\u00f6dja Herrens arbete internationellt p\u00e5 olika s\u00e4tt. Ambitionen har varit att st\u00f6dja b\u00e5de projekt som \u00e4r social verksamhet samt projekt som \u00e4r mera traditionellt evangeliserande. Vi har under de senaste \u00e5ren haft f\u00f6rm\u00e5nen att f\u00e5 hj\u00e4lpa till med projekt i Tchad, Asien, Kaukasus samt sjukhusskeppet Mercy Ships.<\/p>\n<p><\/p>\n<p>\u00a0<\/p>\t\t\t\t\t\t\t\t<\/div>\n\t\t\t\t<\/div>\n\t\t\t\t\t<\/div>\n\t\t\t\t<\/div>\n\t\t<div class=\"elementor-element elementor-element-a3bb21b e-flex e-con-boxed e-con e-parent\" data-id=\"a3bb21b\" data-element_type=\"container\" data-e-type=\"container\">\n\t\t\t\t\t<div class=\"e-con-inner\">\n\t\t\t\t<div class=\"elementor-element elementor-element-3681d37 elementor-widget elementor-widget-text-editor\" data-id=\"3681d37\" data-element_type=\"widget\" data-e-type=\"widget\" data-widget_type=\"text-editor.default\">\n\t\t\t\t<div class=\"elementor-widget-container\">\n\t\t\t\t\t\t\t\t\t<p>Tillbaka till <a href=\"https:\/\/www.tabernaklet.se\/\">hemsidan<\/a>.<\/p>\t\t\t\t\t\t\t\t<\/div>\n\t\t\t\t<\/div>\n\t\t\t\t\t<\/div>\n\t\t\t\t<\/div>\n\t\t\t\t<\/div>\n\t\t","protected":false},"excerpt":{"rendered":"<p>MISSION I Nya testamentet beskrivs, i Apostlag\u00e4rningarna, den allra f\u00f6rsta kristna f\u00f6rsamlingen. I f\u00f6rsta kapitlets \u00e5ttonde vers utlovar Jesus den helige Ande som skulle ge dem kraft att vittna om honom, \u00e4nda ut till jordens yttersta gr\u00e4ns. I f\u00f6ljande kapitel fylldes alla av helig Ande och r\u00f6relsen tar fart. Det \u00e4r sp\u00e4nnande tider. M\u00e5nga m\u00e4nniskor &hellip; <a href=\"https:\/\/www.tabernaklet.se\/?page_id=84\" class=\"more-link\">Forts\u00e4tt l\u00e4sa<span class=\"screen-reader-text\"> \u201dMission\u201d<\/span><\/a><\/p>\n","protected":false},"author":3,"featured_media":123,"parent":0,"menu_order":0,"comment_status":"closed","ping_status":"closed","template":"","meta":{"footnotes":""},"class_list":["post-84","page","type-page","status-publish","has-post-thumbnail","hentry"],"_links":{"self":[{"href":"https:\/\/www.tabernaklet.se\/index.php?rest_route=\/wp\/v2\/pages\/84","targetHints":{"allow":["GET"]}}],"collection":[{"href":"https:\/\/www.tabernaklet.se\/index.php?rest_route=\/wp\/v2\/pages"}],"about":[{"href":"https:\/\/www.tabernaklet.se\/index.php?rest_route=\/wp\/v2\/types\/page"}],"author":[{"embeddable":true,"href":"https:\/\/www.tabernaklet.se\/index.php?rest_route=\/wp\/v2\/users\/3"}],"replies":[{"embeddable":true,"href":"https:\/\/www.tabernaklet.se\/index.php?rest_route=%2Fwp%2Fv2%2Fcomments&post=84"}],"version-history":[{"count":7,"href":"https:\/\/www.tabernaklet.se\/index.php?rest_route=\/wp\/v2\/pages\/84\/revisions"}],"predecessor-version":[{"id":11046,"href":"https:\/\/www.tabernaklet.se\/index.php?rest_route=\/wp\/v2\/pages\/84\/revisions\/11046"}],"wp:featuredmedia":[{"embeddable":true,"href":"https:\/\/www.tabernaklet.se\/index.php?rest_route=\/wp\/v2\/media\/123"}],"wp:attachment":[{"href":"https:\/\/www.tabernaklet.se\/index.php?rest_route=%2Fwp%2Fv2%2Fmedia&parent=84"}],"curies":[{"name":"wp","href":"https:\/\/api.w.org\/{rel}","templated":true}]}}