{"id":88,"date":"2019-06-26T14:31:56","date_gmt":"2019-06-26T14:31:56","guid":{"rendered":"http:\/\/nya.tabernaklet.se\/?page_id=88"},"modified":"2019-07-02T13:35:35","modified_gmt":"2019-07-02T11:35:35","slug":"barn-och-unga","status":"publish","type":"page","link":"https:\/\/www.tabernaklet.se\/?page_id=88","title":{"rendered":"Barn och unga"},"content":{"rendered":"\n<h2 class=\"wp-block-heading\">V\u00e5r syn p\u00e5 barn<\/h2>\n\n\n\n<p>\u201dGud har ett f\u00f6rspr\u00e5ng i alla barns liv\u201d har n\u00e5gon s\u00e5 klokt sagt. Vi tror att barn har en naturlig \u00f6ppenhet mot Gud som vi har mycket att l\u00e4ra av. I v\u00e5r f\u00f6rsamling b\u00e4r vi fram de nyf\u00f6dda barnen i f\u00f6rsamlingens mitt f\u00f6r att be om Guds v\u00e4lsignelse. Vi ber ocks\u00e5 f\u00f6r de nyblivna f\u00f6r\u00e4ldrarna. Som f\u00f6rsamling har vi ett gemensamt ansvar att st\u00f6tta f\u00f6r\u00e4ldrar och barn och att hj\u00e4lpa till s\u00e5 att \u201dGuds f\u00f6rspr\u00e5ng\u201d f\u00e5r forts\u00e4tta att finnas.<\/p>\n\n\n\n<p>Vi vill stimulera barnens tro genom att de f\u00e5r g\u00f6ra positiva upplevelser tillsammans med sina f\u00f6r\u00e4ldrar och ledarna i f\u00f6rsamlingen. V\u00e5r \u00f6nskan \u00e4r att tron ska f\u00e5 v\u00e4xa med barnen och bli personlig.<\/p>\n\n\n\n<p>V\u00e5rt arbete bland barnen \u00e4r ett av v\u00e5ra stora b\u00f6nem\u00e4nnen just nu. De barn vi har \u00e4r sm\u00e5 och f\u00e5, men o s\u00e5 viktiga f\u00f6r oss. V\u00e5r s\u00f6ndagsskola h\u00e5ller ig\u00e5ng varannan vecka under terminerna, men vi vill mer. Kanske att du som l\u00e4ser detta \u00e4r intresserad av att f\u00e5 g\u00f6ra en viktig insats bland v\u00e5ra barn. <\/p>\n","protected":false},"excerpt":{"rendered":"<p>V\u00e5r syn p\u00e5 barn \u201dGud har ett f\u00f6rspr\u00e5ng i alla barns liv\u201d har n\u00e5gon s\u00e5 klokt sagt. Vi tror att barn har en naturlig \u00f6ppenhet mot Gud som vi har mycket att l\u00e4ra av. I v\u00e5r f\u00f6rsamling b\u00e4r vi fram de nyf\u00f6dda barnen i f\u00f6rsamlingens mitt f\u00f6r att be om Guds v\u00e4lsignelse. Vi ber ocks\u00e5 &hellip; <a href=\"https:\/\/www.tabernaklet.se\/?page_id=88\" class=\"more-link\">Forts\u00e4tt l\u00e4sa<span class=\"screen-reader-text\"> \u201dBarn och unga\u201d<\/span><\/a><\/p>\n","protected":false},"author":3,"featured_media":125,"parent":0,"menu_order":0,"comment_status":"closed","ping_status":"closed","template":"","meta":{"footnotes":""},"class_list":["post-88","page","type-page","status-publish","has-post-thumbnail","hentry"],"_links":{"self":[{"href":"https:\/\/www.tabernaklet.se\/index.php?rest_route=\/wp\/v2\/pages\/88","targetHints":{"allow":["GET"]}}],"collection":[{"href":"https:\/\/www.tabernaklet.se\/index.php?rest_route=\/wp\/v2\/pages"}],"about":[{"href":"https:\/\/www.tabernaklet.se\/index.php?rest_route=\/wp\/v2\/types\/page"}],"author":[{"embeddable":true,"href":"https:\/\/www.tabernaklet.se\/index.php?rest_route=\/wp\/v2\/users\/3"}],"replies":[{"embeddable":true,"href":"https:\/\/www.tabernaklet.se\/index.php?rest_route=%2Fwp%2Fv2%2Fcomments&post=88"}],"version-history":[{"count":0,"href":"https:\/\/www.tabernaklet.se\/index.php?rest_route=\/wp\/v2\/pages\/88\/revisions"}],"wp:featuredmedia":[{"embeddable":true,"href":"https:\/\/www.tabernaklet.se\/index.php?rest_route=\/wp\/v2\/media\/125"}],"wp:attachment":[{"href":"https:\/\/www.tabernaklet.se\/index.php?rest_route=%2Fwp%2Fv2%2Fmedia&parent=88"}],"curies":[{"name":"wp","href":"https:\/\/api.w.org\/{rel}","templated":true}]}}