{"id":91,"date":"2019-06-26T14:33:11","date_gmt":"2019-06-26T14:33:11","guid":{"rendered":"http:\/\/nya.tabernaklet.se\/?page_id=91"},"modified":"2026-01-12T11:45:30","modified_gmt":"2026-01-12T10:45:30","slug":"senior","status":"publish","type":"page","link":"https:\/\/www.tabernaklet.se\/?page_id=91","title":{"rendered":"Senior"},"content":{"rendered":"\t\t<div data-elementor-type=\"wp-page\" data-elementor-id=\"91\" class=\"elementor elementor-91\">\n\t\t\t\t<div class=\"elementor-element elementor-element-339bb504 e-flex e-con-boxed e-con e-parent\" data-id=\"339bb504\" data-element_type=\"container\" data-e-type=\"container\">\n\t\t\t\t\t<div class=\"e-con-inner\">\n\t\t\t\t<div class=\"elementor-element elementor-element-3dbbc680 elementor-widget elementor-widget-text-editor\" data-id=\"3dbbc680\" data-element_type=\"widget\" data-e-type=\"widget\" data-widget_type=\"text-editor.default\">\n\t\t\t\t<div class=\"elementor-widget-container\">\n\t\t\t\t\t\t\t\t\t\n<p>I Baptistkyrkan Tabernaklet, Storgatan 39, finns det n\u00e5got f\u00f6r alla \u00e5ldrar. N\u00e4r det g\u00e4ller daglediga och seniorer erbjuder vi en god och meningsfull gemenskap flera g\u00e5nger i m\u00e5naden.<\/p>\n\n<p>\u00a0<\/p>\n\t\t\t\t\t\t\t\t<\/div>\n\t\t\t\t<\/div>\n\t\t\t\t\t<\/div>\n\t\t\t\t<\/div>\n\t\t<div class=\"elementor-element elementor-element-e19e5e6 e-flex e-con-boxed e-con e-parent\" data-id=\"e19e5e6\" data-element_type=\"container\" data-e-type=\"container\">\n\t\t\t\t\t<div class=\"e-con-inner\">\n\t\t\t\t<div class=\"elementor-element elementor-element-9be0f8e elementor-widget elementor-widget-image\" data-id=\"9be0f8e\" data-element_type=\"widget\" data-e-type=\"widget\" data-widget_type=\"image.default\">\n\t\t\t\t<div class=\"elementor-widget-container\">\n\t\t\t\t\t\t\t\t\t\t\t\t\t\t\t<img fetchpriority=\"high\" decoding=\"async\" width=\"704\" height=\"1024\" src=\"https:\/\/www.tabernaklet.se\/wp-content\/uploads\/2026\/01\/Tabtraffar.VT2026-704x1024.jpg\" class=\"attachment-large size-large wp-image-11956\" alt=\"\" srcset=\"https:\/\/www.tabernaklet.se\/wp-content\/uploads\/2026\/01\/Tabtraffar.VT2026-704x1024.jpg 704w, https:\/\/www.tabernaklet.se\/wp-content\/uploads\/2026\/01\/Tabtraffar.VT2026-206x300.jpg 206w, https:\/\/www.tabernaklet.se\/wp-content\/uploads\/2026\/01\/Tabtraffar.VT2026-768x1117.jpg 768w, https:\/\/www.tabernaklet.se\/wp-content\/uploads\/2026\/01\/Tabtraffar.VT2026-1056x1536.jpg 1056w, https:\/\/www.tabernaklet.se\/wp-content\/uploads\/2026\/01\/Tabtraffar.VT2026.jpg 1088w\" sizes=\"(max-width: 704px) 85vw, 704px\" \/>\t\t\t\t\t\t\t\t\t\t\t\t\t\t\t<\/div>\n\t\t\t\t<\/div>\n\t\t\t\t<div class=\"elementor-element elementor-element-273310f elementor-widget elementor-widget-text-editor\" data-id=\"273310f\" data-element_type=\"widget\" data-e-type=\"widget\" data-widget_type=\"text-editor.default\">\n\t\t\t\t<div class=\"elementor-widget-container\">\n\t\t\t\t\t\t\t\t\t<p><br \/>Tillbaka till <a href=\"https:\/\/www.tabernaklet.se\/\">startsidan<\/a>.<\/p>\t\t\t\t\t\t\t\t<\/div>\n\t\t\t\t<\/div>\n\t\t\t\t\t<\/div>\n\t\t\t\t<\/div>\n\t\t\t\t<\/div>\n\t\t","protected":false},"excerpt":{"rendered":"<p>I Baptistkyrkan Tabernaklet, Storgatan 39, finns det n\u00e5got f\u00f6r alla \u00e5ldrar. N\u00e4r det g\u00e4ller daglediga och seniorer erbjuder vi en god och meningsfull gemenskap flera g\u00e5nger i m\u00e5naden. \u00a0 Tillbaka till startsidan.<\/p>\n","protected":false},"author":3,"featured_media":132,"parent":0,"menu_order":0,"comment_status":"closed","ping_status":"closed","template":"","meta":{"footnotes":""},"class_list":["post-91","page","type-page","status-publish","has-post-thumbnail","hentry"],"_links":{"self":[{"href":"https:\/\/www.tabernaklet.se\/index.php?rest_route=\/wp\/v2\/pages\/91","targetHints":{"allow":["GET"]}}],"collection":[{"href":"https:\/\/www.tabernaklet.se\/index.php?rest_route=\/wp\/v2\/pages"}],"about":[{"href":"https:\/\/www.tabernaklet.se\/index.php?rest_route=\/wp\/v2\/types\/page"}],"author":[{"embeddable":true,"href":"https:\/\/www.tabernaklet.se\/index.php?rest_route=\/wp\/v2\/users\/3"}],"replies":[{"embeddable":true,"href":"https:\/\/www.tabernaklet.se\/index.php?rest_route=%2Fwp%2Fv2%2Fcomments&post=91"}],"version-history":[{"count":47,"href":"https:\/\/www.tabernaklet.se\/index.php?rest_route=\/wp\/v2\/pages\/91\/revisions"}],"predecessor-version":[{"id":11962,"href":"https:\/\/www.tabernaklet.se\/index.php?rest_route=\/wp\/v2\/pages\/91\/revisions\/11962"}],"wp:featuredmedia":[{"embeddable":true,"href":"https:\/\/www.tabernaklet.se\/index.php?rest_route=\/wp\/v2\/media\/132"}],"wp:attachment":[{"href":"https:\/\/www.tabernaklet.se\/index.php?rest_route=%2Fwp%2Fv2%2Fmedia&parent=91"}],"curies":[{"name":"wp","href":"https:\/\/api.w.org\/{rel}","templated":true}]}}