{"id":9348,"date":"2025-08-28T10:49:44","date_gmt":"2025-08-28T08:49:44","guid":{"rendered":"https:\/\/www.tabernaklet.se\/?page_id=9348"},"modified":"2026-01-25T16:59:48","modified_gmt":"2026-01-25T15:59:48","slug":"bonevecka-varen-2026","status":"publish","type":"page","link":"https:\/\/www.tabernaklet.se\/?page_id=9348","title":{"rendered":"B\u00f6nevecka V\u00e5ren 2026"},"content":{"rendered":"\t\t<div data-elementor-type=\"wp-page\" data-elementor-id=\"9348\" class=\"elementor elementor-9348\">\n\t\t\t\t<div class=\"elementor-element elementor-element-264b374 e-con-full e-flex e-con e-parent\" data-id=\"264b374\" data-element_type=\"container\" data-e-type=\"container\">\n\t\t\t\t<div class=\"elementor-element elementor-element-20c73bc elementor-widget elementor-widget-image\" data-id=\"20c73bc\" data-element_type=\"widget\" data-e-type=\"widget\" data-widget_type=\"image.default\">\n\t\t\t\t<div class=\"elementor-widget-container\">\n\t\t\t\t\t\t\t\t\t\t\t\t\t\t\t<img fetchpriority=\"high\" decoding=\"async\" width=\"840\" height=\"563\" src=\"https:\/\/www.tabernaklet.se\/wp-content\/uploads\/2026\/01\/BoneveckaVT2026-A-1024x686.jpg\" class=\"attachment-large size-large wp-image-11969\" alt=\"\" srcset=\"https:\/\/www.tabernaklet.se\/wp-content\/uploads\/2026\/01\/BoneveckaVT2026-A-1024x686.jpg 1024w, https:\/\/www.tabernaklet.se\/wp-content\/uploads\/2026\/01\/BoneveckaVT2026-A-300x201.jpg 300w, https:\/\/www.tabernaklet.se\/wp-content\/uploads\/2026\/01\/BoneveckaVT2026-A-768x515.jpg 768w, https:\/\/www.tabernaklet.se\/wp-content\/uploads\/2026\/01\/BoneveckaVT2026-A-1536x1030.jpg 1536w, https:\/\/www.tabernaklet.se\/wp-content\/uploads\/2026\/01\/BoneveckaVT2026-A-2048x1373.jpg 2048w, https:\/\/www.tabernaklet.se\/wp-content\/uploads\/2026\/01\/BoneveckaVT2026-A-1200x804.jpg 1200w\" sizes=\"(max-width: 709px) 85vw, (max-width: 909px) 67vw, (max-width: 1362px) 62vw, 840px\" \/>\t\t\t\t\t\t\t\t\t\t\t\t\t\t\t<\/div>\n\t\t\t\t<\/div>\n\t\t\t\t<div class=\"elementor-element elementor-element-0a56f3a elementor-widget elementor-widget-image\" data-id=\"0a56f3a\" data-element_type=\"widget\" data-e-type=\"widget\" data-widget_type=\"image.default\">\n\t\t\t\t<div class=\"elementor-widget-container\">\n\t\t\t\t\t\t\t\t\t\t\t\t\t\t\t<img decoding=\"async\" width=\"840\" height=\"550\" src=\"https:\/\/www.tabernaklet.se\/wp-content\/uploads\/2026\/01\/BoneveckaVT2026-B-1024x670.jpg\" class=\"attachment-large size-large wp-image-11970\" alt=\"\" srcset=\"https:\/\/www.tabernaklet.se\/wp-content\/uploads\/2026\/01\/BoneveckaVT2026-B-1024x670.jpg 1024w, https:\/\/www.tabernaklet.se\/wp-content\/uploads\/2026\/01\/BoneveckaVT2026-B-300x196.jpg 300w, https:\/\/www.tabernaklet.se\/wp-content\/uploads\/2026\/01\/BoneveckaVT2026-B-768x502.jpg 768w, https:\/\/www.tabernaklet.se\/wp-content\/uploads\/2026\/01\/BoneveckaVT2026-B-1536x1004.jpg 1536w, https:\/\/www.tabernaklet.se\/wp-content\/uploads\/2026\/01\/BoneveckaVT2026-B-2048x1339.jpg 2048w, https:\/\/www.tabernaklet.se\/wp-content\/uploads\/2026\/01\/BoneveckaVT2026-B-1200x785.jpg 1200w\" sizes=\"(max-width: 709px) 85vw, (max-width: 909px) 67vw, (max-width: 1362px) 62vw, 840px\" \/>\t\t\t\t\t\t\t\t\t\t\t\t\t\t\t<\/div>\n\t\t\t\t<\/div>\n\t\t\t\t<div class=\"elementor-element elementor-element-6e5ef6c elementor-widget elementor-widget-text-editor\" data-id=\"6e5ef6c\" data-element_type=\"widget\" data-e-type=\"widget\" data-widget_type=\"text-editor.default\">\n\t\t\t\t<div class=\"elementor-widget-container\">\n\t\t\t\t\t\t\t\t\t<h5>V\u00e5ra <strong>gemensamma samlingar i kyrkan<\/strong>:<\/h5><p><strong>M\u00e5n 19\/1 kl.18.00<\/strong> B\u00f6n, Johan Holmdahl<br \/><strong>Tis 20\/1 kl.18.00<\/strong> B\u00f6n, Birgitta Olsson Claesson<br \/><strong>Ons 21\/1 kl.12.15<\/strong> B\u00f6n med Trappaner i kyrksalen<br \/><strong>Ons 21\/1 kl 18.00<\/strong> B\u00f6n Carl-Johan Lindfors<br \/><strong>Tors 22\/1 kl.18.00<\/strong> B\u00f6n, Astrid Emker<br \/><strong>Fre 23\/1 kl.18.00<\/strong> B\u00f6n och lovs\u00e5ng, Micael Nilsson, Helena Gat\u00e5s och\u00a0 Wilma Nordanstig Will.<br \/><strong>L\u00f6r 24\/1 kl.16.00<\/strong> B\u00f6n, Jonas Magnusson<br \/><strong>S\u00f6n 25\/1 kl.10.00<\/strong> B\u00f6n i b\u00f6nerummet innanf\u00f6r kyrksalen, Micael Nilsson.<\/p>\t\t\t\t\t\t\t\t<\/div>\n\t\t\t\t<\/div>\n\t\t\t\t<div class=\"elementor-element elementor-element-42717d4 elementor-widget elementor-widget-image\" data-id=\"42717d4\" data-element_type=\"widget\" data-e-type=\"widget\" data-widget_type=\"image.default\">\n\t\t\t\t<div class=\"elementor-widget-container\">\n\t\t\t\t\t\t\t\t\t\t\t\t\t\t\t<img decoding=\"async\" width=\"840\" height=\"847\" src=\"https:\/\/www.tabernaklet.se\/wp-content\/uploads\/2025\/12\/Bonering3AMindre-1016x1024.jpeg\" class=\"attachment-large size-large wp-image-11918\" alt=\"\" srcset=\"https:\/\/www.tabernaklet.se\/wp-content\/uploads\/2025\/12\/Bonering3AMindre-1016x1024.jpeg 1016w, https:\/\/www.tabernaklet.se\/wp-content\/uploads\/2025\/12\/Bonering3AMindre-298x300.jpeg 298w, https:\/\/www.tabernaklet.se\/wp-content\/uploads\/2025\/12\/Bonering3AMindre-150x150.jpeg 150w, https:\/\/www.tabernaklet.se\/wp-content\/uploads\/2025\/12\/Bonering3AMindre-768x774.jpeg 768w, https:\/\/www.tabernaklet.se\/wp-content\/uploads\/2025\/12\/Bonering3AMindre-1200x1209.jpeg 1200w, https:\/\/www.tabernaklet.se\/wp-content\/uploads\/2025\/12\/Bonering3AMindre.jpeg 1344w\" sizes=\"(max-width: 709px) 85vw, (max-width: 909px) 67vw, (max-width: 1362px) 62vw, 840px\" \/>\t\t\t\t\t\t\t\t\t\t\t\t\t\t\t<\/div>\n\t\t\t\t<\/div>\n\t\t\t\t<div class=\"elementor-element elementor-element-41903e8 elementor-widget elementor-widget-text-editor\" data-id=\"41903e8\" data-element_type=\"widget\" data-e-type=\"widget\" data-widget_type=\"text-editor.default\">\n\t\t\t\t<div class=\"elementor-widget-container\">\n\t\t\t\t\t\t\t\t\t<p>Tillbaka till <a href=\"https:\/\/www.tabernaklet.se\/\">startsidan<\/a>.<\/p>\t\t\t\t\t\t\t\t<\/div>\n\t\t\t\t<\/div>\n\t\t\t\t<\/div>\n\t\t<div class=\"elementor-element elementor-element-962aab8 e-flex e-con-boxed e-con e-parent\" data-id=\"962aab8\" data-element_type=\"container\" data-e-type=\"container\">\n\t\t\t\t\t<div class=\"e-con-inner\">\n\t\t\t\t\t<\/div>\n\t\t\t\t<\/div>\n\t\t<div class=\"elementor-element elementor-element-e6d3435 e-flex e-con-boxed e-con e-parent\" data-id=\"e6d3435\" data-element_type=\"container\" data-e-type=\"container\">\n\t\t\t\t\t<div class=\"e-con-inner\">\n\t\t\t\t<div class=\"elementor-element elementor-element-ccee1d7 elementor-widget__width-initial elementor-arrows-position-inside elementor-widget elementor-widget-image-carousel\" data-id=\"ccee1d7\" data-element_type=\"widget\" data-e-type=\"widget\" data-settings=\"{&quot;slides_to_show&quot;:&quot;4&quot;,&quot;slides_to_scroll&quot;:&quot;2&quot;,&quot;navigation&quot;:&quot;arrows&quot;,&quot;_animation&quot;:&quot;none&quot;,&quot;autoplay&quot;:&quot;yes&quot;,&quot;pause_on_hover&quot;:&quot;yes&quot;,&quot;pause_on_interaction&quot;:&quot;yes&quot;,&quot;autoplay_speed&quot;:5000,&quot;infinite&quot;:&quot;yes&quot;,&quot;speed&quot;:500}\" data-widget_type=\"image-carousel.default\">\n\t\t\t\t<div class=\"elementor-widget-container\">\n\t\t\t\t\t<br \/>\n<b>Warning<\/b>:  Attempt to read property \"post_type\" on null in <b>\/home\/c33184\/public_html\/wp-content\/plugins\/elementor\/includes\/utils.php<\/b> on line <b>943<\/b><br \/>\n<br \/>\n<b>Warning<\/b>:  Attempt to read property \"post_status\" on null in <b>\/home\/c33184\/public_html\/wp-content\/plugins\/elementor\/includes\/utils.php<\/b> on line <b>949<\/b><br \/>\n<br \/>\n<b>Warning<\/b>:  Attempt to read property \"post_status\" on null in <b>\/home\/c33184\/public_html\/wp-content\/plugins\/elementor\/includes\/utils.php<\/b> on line <b>952<\/b><br \/>\n<br \/>\n<b>Warning<\/b>:  Attempt to read property \"ID\" on null in <b>\/home\/c33184\/public_html\/wp-content\/plugins\/elementor\/includes\/utils.php<\/b> on line <b>953<\/b><br \/>\n<br \/>\n<b>Warning<\/b>:  Attempt to read property \"ID\" on null in <b>\/home\/c33184\/public_html\/wp-content\/plugins\/elementor\/includes\/utils.php<\/b> on line <b>955<\/b><br \/>\n\t\t<div class=\"elementor-image-carousel-wrapper swiper\" role=\"region\" aria-roledescription=\"carousel\" aria-label=\"Bildkarusell\" dir=\"ltr\">\n\t\t\t<div class=\"elementor-image-carousel swiper-wrapper\" aria-live=\"off\">\n\t\t\t\t\t\t\t\t<div class=\"swiper-slide\" role=\"group\" aria-roledescription=\"slide\" aria-label=\"1 av 5\"><figure class=\"swiper-slide-inner\"><img decoding=\"async\" class=\"swiper-slide-image\" src=\"https:\/\/www.tabernaklet.se\/wp-content\/uploads\/2025\/10\/Korovning-150x150.jpg\" alt=\"K\u00f6rprojekt\" \/><figcaption class=\"elementor-image-carousel-caption\">K\u00f6rprojekt<\/figcaption><\/figure><\/div><div class=\"swiper-slide\" role=\"group\" aria-roledescription=\"slide\" aria-label=\"2 av 5\"><figure class=\"swiper-slide-inner\"><img decoding=\"async\" class=\"swiper-slide-image\" src=\"https:\/\/www.tabernaklet.se\/wp-content\/uploads\/2025\/12\/Spegelbilder-1-150x150.jpeg\" alt=\"\u00d6ppna bibelstudier\" \/><figcaption class=\"elementor-image-carousel-caption\">\u00d6ppna bibelstudier<\/figcaption><\/figure><\/div><div class=\"swiper-slide\" role=\"group\" aria-roledescription=\"slide\" aria-label=\"3 av 5\"><figure class=\"swiper-slide-inner\"><img decoding=\"async\" class=\"swiper-slide-image\" src=\"https:\/\/www.tabernaklet.se\/wp-content\/uploads\/2025\/08\/AFFISCH-GT.jpg\" alt=\"\" \/><\/figure><\/div><div class=\"swiper-slide\" role=\"group\" aria-roledescription=\"slide\" aria-label=\"4 av 5\"><figure class=\"swiper-slide-inner\"><img decoding=\"async\" class=\"swiper-slide-image\" src=\"https:\/\/www.tabernaklet.se\/wp-content\/uploads\/2026\/01\/Volontartraff-260211-150x150.jpg\" alt=\"Volont\u00e4rtr\u00e4ff\" \/><figcaption class=\"elementor-image-carousel-caption\">Volont\u00e4rtr\u00e4ff<\/figcaption><\/figure><\/div><div class=\"swiper-slide\" role=\"group\" aria-roledescription=\"slide\" aria-label=\"5 av 5\"><figure class=\"swiper-slide-inner\"><img decoding=\"async\" class=\"swiper-slide-image\" src=\"https:\/\/www.tabernaklet.se\/wp-content\/uploads\/2026\/01\/SkaparGudstjanstMindre-150x150.jpg\" alt=\"Skapargudstj\u00e4nst\" \/><figcaption class=\"elementor-image-carousel-caption\">Skapargudstj\u00e4nst<\/figcaption><\/figure><\/div>\t\t\t<\/div>\n\t\t\t\t\t\t\t\t\t\t\t\t<div class=\"elementor-swiper-button elementor-swiper-button-prev\" role=\"button\" tabindex=\"0\">\n\t\t\t\t\t\t<svg aria-hidden=\"true\" class=\"e-font-icon-svg e-eicon-chevron-left\" viewBox=\"0 0 1000 1000\" xmlns=\"http:\/\/www.w3.org\/2000\/svg\"><path d=\"M646 125C629 125 613 133 604 142L308 442C296 454 292 471 292 487 292 504 296 521 308 533L604 854C617 867 629 875 646 875 663 875 679 871 692 858 704 846 713 829 713 812 713 796 708 779 692 767L438 487 692 225C700 217 708 204 708 187 708 171 704 154 692 142 675 129 663 125 646 125Z\"><\/path><\/svg>\t\t\t\t\t<\/div>\n\t\t\t\t\t<div class=\"elementor-swiper-button elementor-swiper-button-next\" role=\"button\" tabindex=\"0\">\n\t\t\t\t\t\t<svg aria-hidden=\"true\" class=\"e-font-icon-svg e-eicon-chevron-right\" viewBox=\"0 0 1000 1000\" xmlns=\"http:\/\/www.w3.org\/2000\/svg\"><path d=\"M696 533C708 521 713 504 713 487 713 471 708 454 696 446L400 146C388 133 375 125 354 125 338 125 325 129 313 142 300 154 292 171 292 187 292 204 296 221 308 233L563 492 304 771C292 783 288 800 288 817 288 833 296 850 308 863 321 871 338 875 354 875 371 875 388 867 400 854L696 533Z\"><\/path><\/svg>\t\t\t\t\t<\/div>\n\t\t\t\t\n\t\t\t\t\t\t\t\t\t<\/div>\n\t\t\t\t\t\t<\/div>\n\t\t\t\t<\/div>\n\t\t\t\t\t<\/div>\n\t\t\t\t<\/div>\n\t\t<div class=\"elementor-element elementor-element-059fb94 e-flex e-con-boxed e-con e-parent\" data-id=\"059fb94\" data-element_type=\"container\" data-e-type=\"container\">\n\t\t\t\t\t<div class=\"e-con-inner\">\n\t\t\t\t\t<\/div>\n\t\t\t\t<\/div>\n\t\t\t\t<\/div>\n\t\t","protected":false},"excerpt":{"rendered":"<p>V\u00e5ra gemensamma samlingar i kyrkan: M\u00e5n 19\/1 kl.18.00 B\u00f6n, Johan HolmdahlTis 20\/1 kl.18.00 B\u00f6n, Birgitta Olsson ClaessonOns 21\/1 kl.12.15 B\u00f6n med Trappaner i kyrksalenOns 21\/1 kl 18.00 B\u00f6n Carl-Johan LindforsTors 22\/1 kl.18.00 B\u00f6n, Astrid EmkerFre 23\/1 kl.18.00 B\u00f6n och lovs\u00e5ng, Micael Nilsson, Helena Gat\u00e5s och\u00a0 Wilma Nordanstig Will.L\u00f6r 24\/1 kl.16.00 B\u00f6n, Jonas MagnussonS\u00f6n 25\/1 kl.10.00 &hellip; <a href=\"https:\/\/www.tabernaklet.se\/?page_id=9348\" class=\"more-link\">Forts\u00e4tt l\u00e4sa<span class=\"screen-reader-text\"> \u201dB\u00f6nevecka V\u00e5ren 2026\u201d<\/span><\/a><\/p>\n","protected":false},"author":4,"featured_media":0,"parent":0,"menu_order":0,"comment_status":"closed","ping_status":"closed","template":"","meta":{"footnotes":""},"class_list":["post-9348","page","type-page","status-publish","hentry"],"_links":{"self":[{"href":"https:\/\/www.tabernaklet.se\/index.php?rest_route=\/wp\/v2\/pages\/9348","targetHints":{"allow":["GET"]}}],"collection":[{"href":"https:\/\/www.tabernaklet.se\/index.php?rest_route=\/wp\/v2\/pages"}],"about":[{"href":"https:\/\/www.tabernaklet.se\/index.php?rest_route=\/wp\/v2\/types\/page"}],"author":[{"embeddable":true,"href":"https:\/\/www.tabernaklet.se\/index.php?rest_route=\/wp\/v2\/users\/4"}],"replies":[{"embeddable":true,"href":"https:\/\/www.tabernaklet.se\/index.php?rest_route=%2Fwp%2Fv2%2Fcomments&post=9348"}],"version-history":[{"count":23,"href":"https:\/\/www.tabernaklet.se\/index.php?rest_route=\/wp\/v2\/pages\/9348\/revisions"}],"predecessor-version":[{"id":12151,"href":"https:\/\/www.tabernaklet.se\/index.php?rest_route=\/wp\/v2\/pages\/9348\/revisions\/12151"}],"wp:attachment":[{"href":"https:\/\/www.tabernaklet.se\/index.php?rest_route=%2Fwp%2Fv2%2Fmedia&parent=9348"}],"curies":[{"name":"wp","href":"https:\/\/api.w.org\/{rel}","templated":true}]}}