{"id":95,"date":"2019-06-26T14:38:25","date_gmt":"2019-06-26T14:38:25","guid":{"rendered":"http:\/\/nya.tabernaklet.se\/?page_id=95"},"modified":"2025-09-18T00:03:43","modified_gmt":"2025-09-17T22:03:43","slug":"samfundsanknytning","status":"publish","type":"page","link":"https:\/\/www.tabernaklet.se\/?page_id=95","title":{"rendered":"V\u00e5ra samfund"},"content":{"rendered":"\t\t<div data-elementor-type=\"wp-page\" data-elementor-id=\"95\" class=\"elementor elementor-95\">\n\t\t\t\t<div class=\"elementor-element elementor-element-53aa5b8 e-flex e-con-boxed e-con e-parent\" data-id=\"53aa5b8\" data-element_type=\"container\" data-e-type=\"container\">\n\t\t\t\t\t<div class=\"e-con-inner\">\n\t\t\t\t<div class=\"elementor-element elementor-element-19f5cac1 elementor-widget elementor-widget-text-editor\" data-id=\"19f5cac1\" data-element_type=\"widget\" data-e-type=\"widget\" data-widget_type=\"text-editor.default\">\n\t\t\t\t<div class=\"elementor-widget-container\">\n\t\t\t\t\t\t\t\t\t\n<p>Tabernaklets f\u00f6rsamling heter G\u00f6teborgs f\u00f6rsta baptistf\u00f6rsamling. Vi \u00e4r historiskt sett en del av den baptistr\u00f6relse som v\u00e4xte fram som en del av v\u00e4ckelse- och folkr\u00f6relsen i slutet av 1800-talet. Idag samverkar vi med tv\u00e5 nationella samfund; <a href=\"http:\/\/efk.se\">Evangeliska frikyrkan<\/a> och <a href=\"https:\/\/equmeniakyrkan.se\">Equmeniakyrkan<\/a>.<\/p>\n\t\t\t\t\t\t\t\t<\/div>\n\t\t\t\t<\/div>\n\t\t<div class=\"elementor-element elementor-element-edd1363 e-grid e-con-full e-con e-child\" data-id=\"edd1363\" data-element_type=\"container\" data-e-type=\"container\">\n\t\t\t\t<div class=\"elementor-element elementor-element-d9447b0 elementor-widget elementor-widget-image\" data-id=\"d9447b0\" data-element_type=\"widget\" data-e-type=\"widget\" data-widget_type=\"image.default\">\n\t\t\t\t<div class=\"elementor-widget-container\">\n\t\t\t\t\t\t\t\t\t\t\t\t\t\t\t<img fetchpriority=\"high\" decoding=\"async\" width=\"544\" height=\"544\" src=\"https:\/\/www.tabernaklet.se\/wp-content\/uploads\/2020\/10\/Equmeniakyrkan-Alt-Farg-1.png\" class=\"attachment-large size-large wp-image-1734\" alt=\"\" srcset=\"https:\/\/www.tabernaklet.se\/wp-content\/uploads\/2020\/10\/Equmeniakyrkan-Alt-Farg-1.png 544w, https:\/\/www.tabernaklet.se\/wp-content\/uploads\/2020\/10\/Equmeniakyrkan-Alt-Farg-1-300x300.png 300w, https:\/\/www.tabernaklet.se\/wp-content\/uploads\/2020\/10\/Equmeniakyrkan-Alt-Farg-1-150x150.png 150w\" sizes=\"(max-width: 544px) 85vw, 544px\" \/>\t\t\t\t\t\t\t\t\t\t\t\t\t\t\t<\/div>\n\t\t\t\t<\/div>\n\t\t\t\t<div class=\"elementor-element elementor-element-3290d7b elementor-widget__width-initial elementor-widget elementor-widget-image\" data-id=\"3290d7b\" data-element_type=\"widget\" data-e-type=\"widget\" data-widget_type=\"image.default\">\n\t\t\t\t<div class=\"elementor-widget-container\">\n\t\t\t\t\t\t\t\t\t\t\t\t\t\t\t<img decoding=\"async\" width=\"840\" height=\"556\" src=\"https:\/\/www.tabernaklet.se\/wp-content\/uploads\/2020\/10\/EFK_RGB-3-1024x678.jpg\" class=\"attachment-large size-large wp-image-1739\" alt=\"\" srcset=\"https:\/\/www.tabernaklet.se\/wp-content\/uploads\/2020\/10\/EFK_RGB-3-1024x678.jpg 1024w, https:\/\/www.tabernaklet.se\/wp-content\/uploads\/2020\/10\/EFK_RGB-3-300x199.jpg 300w, https:\/\/www.tabernaklet.se\/wp-content\/uploads\/2020\/10\/EFK_RGB-3-768x509.jpg 768w, https:\/\/www.tabernaklet.se\/wp-content\/uploads\/2020\/10\/EFK_RGB-3-391x260.jpg 391w, https:\/\/www.tabernaklet.se\/wp-content\/uploads\/2020\/10\/EFK_RGB-3-1536x1017.jpg 1536w, https:\/\/www.tabernaklet.se\/wp-content\/uploads\/2020\/10\/EFK_RGB-3-2048x1356.jpg 2048w, https:\/\/www.tabernaklet.se\/wp-content\/uploads\/2020\/10\/EFK_RGB-3-1200x795.jpg 1200w\" sizes=\"(max-width: 709px) 85vw, (max-width: 909px) 67vw, (max-width: 1362px) 62vw, 840px\" \/>\t\t\t\t\t\t\t\t\t\t\t\t\t\t\t<\/div>\n\t\t\t\t<\/div>\n\t\t\t\t<\/div>\n\t\t\t\t<div class=\"elementor-element elementor-element-02b6349 elementor-widget elementor-widget-text-editor\" data-id=\"02b6349\" data-element_type=\"widget\" data-e-type=\"widget\" data-widget_type=\"text-editor.default\">\n\t\t\t\t<div class=\"elementor-widget-container\">\n\t\t\t\t\t\t\t\t\t<p>Tillbaka till <a href=\"https:\/\/www.tabernaklet.se\/\">hemsidan<\/a>.<\/p>\t\t\t\t\t\t\t\t<\/div>\n\t\t\t\t<\/div>\n\t\t\t\t\t<\/div>\n\t\t\t\t<\/div>\n\t\t\t\t<\/div>\n\t\t","protected":false},"excerpt":{"rendered":"<p>Tabernaklets f\u00f6rsamling heter G\u00f6teborgs f\u00f6rsta baptistf\u00f6rsamling. Vi \u00e4r historiskt sett en del av den baptistr\u00f6relse som v\u00e4xte fram som en del av v\u00e4ckelse- och folkr\u00f6relsen i slutet av 1800-talet. Idag samverkar vi med tv\u00e5 nationella samfund; Evangeliska frikyrkan och Equmeniakyrkan. Tillbaka till hemsidan.<\/p>\n","protected":false},"author":3,"featured_media":0,"parent":0,"menu_order":0,"comment_status":"closed","ping_status":"closed","template":"","meta":{"footnotes":""},"class_list":["post-95","page","type-page","status-publish","hentry"],"_links":{"self":[{"href":"https:\/\/www.tabernaklet.se\/index.php?rest_route=\/wp\/v2\/pages\/95","targetHints":{"allow":["GET"]}}],"collection":[{"href":"https:\/\/www.tabernaklet.se\/index.php?rest_route=\/wp\/v2\/pages"}],"about":[{"href":"https:\/\/www.tabernaklet.se\/index.php?rest_route=\/wp\/v2\/types\/page"}],"author":[{"embeddable":true,"href":"https:\/\/www.tabernaklet.se\/index.php?rest_route=\/wp\/v2\/users\/3"}],"replies":[{"embeddable":true,"href":"https:\/\/www.tabernaklet.se\/index.php?rest_route=%2Fwp%2Fv2%2Fcomments&post=95"}],"version-history":[{"count":10,"href":"https:\/\/www.tabernaklet.se\/index.php?rest_route=\/wp\/v2\/pages\/95\/revisions"}],"predecessor-version":[{"id":9823,"href":"https:\/\/www.tabernaklet.se\/index.php?rest_route=\/wp\/v2\/pages\/95\/revisions\/9823"}],"wp:attachment":[{"href":"https:\/\/www.tabernaklet.se\/index.php?rest_route=%2Fwp%2Fv2%2Fmedia&parent=95"}],"curies":[{"name":"wp","href":"https:\/\/api.w.org\/{rel}","templated":true}]}}