{"id":98,"date":"2019-06-26T14:40:58","date_gmt":"2019-06-26T14:40:58","guid":{"rendered":"http:\/\/nya.tabernaklet.se\/?page_id=98"},"modified":"2019-07-02T13:39:06","modified_gmt":"2019-07-02T11:39:06","slug":"omsorg","status":"publish","type":"page","link":"https:\/\/www.tabernaklet.se\/?page_id=98","title":{"rendered":"Omsorg"},"content":{"rendered":"\n<p>Att ha behov av omsorg \u00e4r inte en \u00e5ldersfr\u00e5ga. Vi tror att alla m\u00e4nniskor beh\u00f6ver m\u00e4nsklig n\u00e4rhet och behoven kan variera beroende p\u00e5 tidpunkt i livet. V\u00e5rt omsorgsarbete vill d\u00e4rf\u00f6r ha m\u00e5nga olika inriktningar. I f\u00f6rsamlingen finns ett Omsorgsr\u00e5d d\u00e4r inriktningen p\u00e5 arbetet formas. Just nu innefattar arbetet sj\u00e4lav\u00e5rd, f\u00f6rb\u00f6n, sjukbes\u00f6k, hembes\u00f6k, friskv\u00e5rd f\u00f6r \u00e4ktenskapet, temakv\u00e4llar, sociala insatser mm.<\/p>\n","protected":false},"excerpt":{"rendered":"<p>Att ha behov av omsorg \u00e4r inte en \u00e5ldersfr\u00e5ga. Vi tror att alla m\u00e4nniskor beh\u00f6ver m\u00e4nsklig n\u00e4rhet och behoven kan variera beroende p\u00e5 tidpunkt i livet. V\u00e5rt omsorgsarbete vill d\u00e4rf\u00f6r ha m\u00e5nga olika inriktningar. I f\u00f6rsamlingen finns ett Omsorgsr\u00e5d d\u00e4r inriktningen p\u00e5 arbetet formas. Just nu innefattar arbetet sj\u00e4lav\u00e5rd, f\u00f6rb\u00f6n, sjukbes\u00f6k, hembes\u00f6k, friskv\u00e5rd f\u00f6r \u00e4ktenskapet, &hellip; <a href=\"https:\/\/www.tabernaklet.se\/?page_id=98\" class=\"more-link\">Forts\u00e4tt l\u00e4sa<span class=\"screen-reader-text\"> \u201dOmsorg\u201d<\/span><\/a><\/p>\n","protected":false},"author":3,"featured_media":129,"parent":0,"menu_order":0,"comment_status":"closed","ping_status":"closed","template":"","meta":{"footnotes":""},"class_list":["post-98","page","type-page","status-publish","has-post-thumbnail","hentry"],"_links":{"self":[{"href":"https:\/\/www.tabernaklet.se\/index.php?rest_route=\/wp\/v2\/pages\/98","targetHints":{"allow":["GET"]}}],"collection":[{"href":"https:\/\/www.tabernaklet.se\/index.php?rest_route=\/wp\/v2\/pages"}],"about":[{"href":"https:\/\/www.tabernaklet.se\/index.php?rest_route=\/wp\/v2\/types\/page"}],"author":[{"embeddable":true,"href":"https:\/\/www.tabernaklet.se\/index.php?rest_route=\/wp\/v2\/users\/3"}],"replies":[{"embeddable":true,"href":"https:\/\/www.tabernaklet.se\/index.php?rest_route=%2Fwp%2Fv2%2Fcomments&post=98"}],"version-history":[{"count":0,"href":"https:\/\/www.tabernaklet.se\/index.php?rest_route=\/wp\/v2\/pages\/98\/revisions"}],"wp:featuredmedia":[{"embeddable":true,"href":"https:\/\/www.tabernaklet.se\/index.php?rest_route=\/wp\/v2\/media\/129"}],"wp:attachment":[{"href":"https:\/\/www.tabernaklet.se\/index.php?rest_route=%2Fwp%2Fv2%2Fmedia&parent=98"}],"curies":[{"name":"wp","href":"https:\/\/api.w.org\/{rel}","templated":true}]}}